{"id":165,"date":"2017-01-02T09:07:19","date_gmt":"2017-01-02T09:07:19","guid":{"rendered":"https:\/\/raratheme.com\/preview\/construction-landing-page\/?page_id=165"},"modified":"2022-08-08T13:43:59","modified_gmt":"2022-08-08T13:43:59","slug":"contacto","status":"publish","type":"page","link":"https:\/\/afinsuministros.cl\/en\/contacto\/","title":{"rendered":"Contact"},"content":{"rendered":"<p>Escr\u00edbenos para obtener toda la informaci\u00f3n de nuestros productos.<\/p>\n<h1 class=\"product_title entry-title\">Sello de alta fricci\u00f3n TRUEGRIP BT<\/h1>\n<p><a href=\"https:\/\/afinsuministros.cl\/wp-content\/uploads\/2022\/05\/Ficha-Tecnica-Sello-Alta-Friccion.pdf\">SEE DATA SHEET<\/a><\/p>\n<div class=\"woocommerce-product-details__short-description\">\n<p>It is a two-component solvent system used with a 2-4mm bauxite aggregate or similar, resulting in the High Friction Anti-Skid Surface seal.<\/p>\n<p>For installation the system cannot be installed with ambient temperatures below 5\u00b0C and the pavement temperature must be between 5\u00b0C and 35\u00b0C and must be free of ice, oils, grease, salts or any other material that affects the adhesion of the solvent to the road surface.<\/p>\n<p>First of all, a surface preparation is carried out, which can be done by shot blasting, water blasting, milling or hot compressed air. Then a primer is applied to prepare the solvent layer and finally the bauxite or selected material is applied by seeding as anti-skid aggregate.<\/p>\n<p>This provides indexes such as:<\/p>\n<ul>\n<li>SRV &gt;70 initial - SRV&gt;65 after 100,000 wheels.<\/li>\n<li>Erosion rate &lt;3% after 100,000 tires<\/li>\n<li>Resistance to benzine, oil, freezing and high temperatures.<\/li>\n<\/ul>\n<\/div><figure class=\"wp-block-image size-full\"><img loading=\"lazy\" decoding=\"async\" width=\"800\" height=\"767\" src=\"https:\/\/afinsuministros.cl\/wp-content\/uploads\/2022\/05\/pavimento-DE-ALTA-FRICCION.jpg\" alt=\"PAVIMENTO-DE-ALTA-FRICCION\" class=\"wp-image-1220\" srcset=\"https:\/\/afinsuministros.cl\/wp-content\/uploads\/2022\/05\/pavimento-DE-ALTA-FRICCION.jpg 800w, https:\/\/afinsuministros.cl\/wp-content\/uploads\/2022\/05\/pavimento-DE-ALTA-FRICCION-300x288.jpg 300w, https:\/\/afinsuministros.cl\/wp-content\/uploads\/2022\/05\/pavimento-DE-ALTA-FRICCION-768x736.jpg 768w, https:\/\/afinsuministros.cl\/wp-content\/uploads\/2022\/05\/pavimento-DE-ALTA-FRICCION-13x12.jpg 13w, https:\/\/afinsuministros.cl\/wp-content\/uploads\/2022\/05\/pavimento-DE-ALTA-FRICCION-600x575.jpg 600w\" sizes=\"(max-width: 800px) 100vw, 800px\" \/><figcaption>PAVIMENTO-DE-ALTA-FRICCION<\/figcaption><\/figure><p>Advantages<\/p><ul class=\"wp-block-list\"><li>Reduces braking and sliding time.<\/li><li>Avoid accidents and save lives.<\/li><li>Designed primarily for use in sharp curves and high accident areas, school zones and works more efficiently when the pavement is wet due to low temperatures and rain.<\/li><li>Certified non-slip surface.<\/li><\/ul><p><strong>To contact us write directly to the following e-mail address <a href=\"mailto:contacto@afinsuministros.cl\">contacto@afinsuministros.cl<\/a><\/strong>&nbsp;o d\u00e9janos un mensaje en nuestro formulario de contacto<\/p><h2 class=\"wp-block-heading\">Formulario de contacto<\/h2><div class=\"wp-block-contact-form-7-contact-form-selector\">\n<div class=\"wpcf7 no-js\" id=\"wpcf7-f167-o1\" lang=\"en-US\" dir=\"ltr\" data-wpcf7-id=\"167\">\n<div class=\"screen-reader-response\"><p role=\"status\" aria-live=\"polite\" aria-atomic=\"true\"><\/p> <ul><\/ul><\/div>\n<form action=\"\/en\/wp-json\/wp\/v2\/pages\/165#wpcf7-f167-o1\" method=\"post\" class=\"wpcf7-form init\" aria-label=\"Contact form\" novalidate=\"novalidate\" data-status=\"init\" data-trp-original-action=\"\/en\/wp-json\/wp\/v2\/pages\/165#wpcf7-f167-o1\">\n<div style=\"display: none;\">\n<input type=\"hidden\" name=\"_wpcf7\" value=\"167\" \/>\n<input type=\"hidden\" name=\"_wpcf7_version\" value=\"6.0.6\" \/>\n<input type=\"hidden\" name=\"_wpcf7_locale\" value=\"en_US\" \/>\n<input type=\"hidden\" name=\"_wpcf7_unit_tag\" value=\"wpcf7-f167-o1\" \/>\n<input type=\"hidden\" name=\"_wpcf7_container_post\" value=\"0\" \/>\n<input type=\"hidden\" name=\"_wpcf7_posted_data_hash\" value=\"\" \/>\n<\/div>\n<p><label> Name (required)<br \/>\n<span class=\"wpcf7-form-control-wrap\" data-name=\"your-name\"><input size=\"40\" maxlength=\"400\" class=\"wpcf7-form-control wpcf7-text wpcf7-validates-as-required\" aria-required=\"true\" aria-invalid=\"false\" value=\"\" type=\"text\" name=\"your-name\" \/><\/span> <\/label>\n<\/p>\n<p><label> Email (required)<br \/>\n<span class=\"wpcf7-form-control-wrap\" data-name=\"your-email\"><input size=\"40\" maxlength=\"400\" class=\"wpcf7-form-control wpcf7-email wpcf7-validates-as-required wpcf7-text wpcf7-validates-as-email\" aria-required=\"true\" aria-invalid=\"false\" value=\"\" type=\"email\" name=\"your-email\" \/><\/span> <\/label>\n<\/p>\n<p><label> Business<br \/>\n<span class=\"wpcf7-form-control-wrap\" data-name=\"your-subject\"><input size=\"40\" maxlength=\"400\" class=\"wpcf7-form-control wpcf7-text\" aria-invalid=\"false\" value=\"\" type=\"text\" name=\"your-subject\" \/><\/span> <\/label>\n<\/p>\n<p><label> Message<br \/>\n<span class=\"wpcf7-form-control-wrap\" data-name=\"your-message\"><textarea cols=\"40\" rows=\"10\" maxlength=\"2000\" class=\"wpcf7-form-control wpcf7-textarea\" aria-invalid=\"false\" name=\"your-message\"><\/textarea><\/span> <\/label>\n<\/p>\n<p><input class=\"wpcf7-form-control wpcf7-submit has-spinner\" type=\"submit\" value=\"SEND\" \/>\n<\/p><p style=\"display: none !important;\" class=\"akismet-fields-container\" data-prefix=\"_wpcf7_ak_\"><label>&#916;<textarea name=\"_wpcf7_ak_hp_textarea\" cols=\"45\" rows=\"8\" maxlength=\"100\"><\/textarea><\/label><input type=\"hidden\" id=\"ak_js_1\" name=\"_wpcf7_ak_js\" value=\"0\"\/><script>document.getElementById( \"ak_js_1\" ).setAttribute( \"value\", ( new Date() ).getTime() );<\/script><\/p><div class=\"wpcf7-response-output\" aria-hidden=\"true\"><\/div>\n<input type=\"hidden\" name=\"trp-form-language\" value=\"en\"\/><\/form>\n<\/div>\n<\/div>","protected":false},"excerpt":{"rendered":"<p>Escr\u00edbenos para obtener toda la informaci\u00f3n de nuestros productos. Sello de alta fricci\u00f3n TRUEGRIP BT VER FICHA T\u00c9CNICA Es sistema de dos componentes solventes que se utilizan con un agregado de bauxita de 2-4mm o similares, dando como resultado el sello de alta fricci\u00f3n o \u201cHigh Friction Anti-Skid Surface\u201d. Para la instalaci\u00f3n el sistema no [&hellip;]<\/p>\n","protected":false},"author":1,"featured_media":1054,"parent":0,"menu_order":0,"comment_status":"closed","ping_status":"closed","template":"","meta":{"footnotes":""},"class_list":["post-165","page","type-page","status-publish","has-post-thumbnail","hentry"],"yoast_head":"<!-- This site is optimized with the Yoast SEO plugin v25.6 - https:\/\/yoast.com\/wordpress\/plugins\/seo\/ -->\n<title>Contacto - AFIN Suministros<\/title>\n<meta name=\"robots\" content=\"index, follow, max-snippet:-1, max-image-preview:large, max-video-preview:-1\" \/>\n<link rel=\"canonical\" href=\"https:\/\/afinsuministros.cl\/en\/contacto\/\" \/>\n<meta property=\"og:locale\" content=\"en_US\" \/>\n<meta property=\"og:type\" content=\"article\" \/>\n<meta property=\"og:title\" content=\"Contacto - AFIN Suministros\" \/>\n<meta property=\"og:description\" content=\"Escr\u00edbenos para obtener toda la informaci\u00f3n de nuestros productos. Sello de alta fricci\u00f3n TRUEGRIP BT VER FICHA T\u00c9CNICA Es sistema de dos componentes solventes que se utilizan con un agregado de bauxita de 2-4mm o similares, dando como resultado el sello de alta fricci\u00f3n o \u201cHigh Friction Anti-Skid Surface\u201d. Para la instalaci\u00f3n el sistema no [&hellip;]\" \/>\n<meta property=\"og:url\" content=\"https:\/\/afinsuministros.cl\/en\/contacto\/\" \/>\n<meta property=\"og:site_name\" content=\"AFIN Suministros\" \/>\n<meta property=\"article:modified_time\" content=\"2022-08-08T13:43:59+00:00\" \/>\n<meta property=\"og:image\" content=\"https:\/\/afinsuministros.cl\/wp-content\/uploads\/2022\/01\/1.jpg.png\" \/>\n\t<meta property=\"og:image:width\" content=\"1024\" \/>\n\t<meta property=\"og:image:height\" content=\"768\" \/>\n\t<meta property=\"og:image:type\" content=\"image\/png\" \/>\n<meta name=\"twitter:card\" content=\"summary_large_image\" \/>\n<meta name=\"twitter:label1\" content=\"Est. reading time\" \/>\n\t<meta name=\"twitter:data1\" content=\"2 minutes\" \/>\n<script type=\"application\/ld+json\" class=\"yoast-schema-graph\">{\"@context\":\"https:\/\/schema.org\",\"@graph\":[{\"@type\":\"WebPage\",\"@id\":\"https:\/\/afinsuministros.cl\/contacto\/\",\"url\":\"https:\/\/afinsuministros.cl\/contacto\/\",\"name\":\"Contacto - AFIN Suministros\",\"isPartOf\":{\"@id\":\"https:\/\/afinsuministros.cl\/#website\"},\"primaryImageOfPage\":{\"@id\":\"https:\/\/afinsuministros.cl\/contacto\/#primaryimage\"},\"image\":{\"@id\":\"https:\/\/afinsuministros.cl\/contacto\/#primaryimage\"},\"thumbnailUrl\":\"https:\/\/afinsuministros.cl\/wp-content\/uploads\/2022\/01\/1.jpg.png\",\"datePublished\":\"2017-01-02T09:07:19+00:00\",\"dateModified\":\"2022-08-08T13:43:59+00:00\",\"breadcrumb\":{\"@id\":\"https:\/\/afinsuministros.cl\/contacto\/#breadcrumb\"},\"inLanguage\":\"en-US\",\"potentialAction\":[{\"@type\":\"ReadAction\",\"target\":[\"https:\/\/afinsuministros.cl\/contacto\/\"]}]},{\"@type\":\"ImageObject\",\"inLanguage\":\"en-US\",\"@id\":\"https:\/\/afinsuministros.cl\/contacto\/#primaryimage\",\"url\":\"https:\/\/afinsuministros.cl\/wp-content\/uploads\/2022\/01\/1.jpg.png\",\"contentUrl\":\"https:\/\/afinsuministros.cl\/wp-content\/uploads\/2022\/01\/1.jpg.png\",\"width\":1024,\"height\":768,\"caption\":\"Asfalto Antideslizantes AFIN Suministros\"},{\"@type\":\"BreadcrumbList\",\"@id\":\"https:\/\/afinsuministros.cl\/contacto\/#breadcrumb\",\"itemListElement\":[{\"@type\":\"ListItem\",\"position\":1,\"name\":\"Portada\",\"item\":\"https:\/\/afinsuministros.cl\/\"},{\"@type\":\"ListItem\",\"position\":2,\"name\":\"Contacto\"}]},{\"@type\":\"WebSite\",\"@id\":\"https:\/\/afinsuministros.cl\/#website\",\"url\":\"https:\/\/afinsuministros.cl\/\",\"name\":\"AFIN Suministros\",\"description\":\"Lo mejor en suministros de construcci\u00f3n\",\"publisher\":{\"@id\":\"https:\/\/afinsuministros.cl\/#organization\"},\"potentialAction\":[{\"@type\":\"SearchAction\",\"target\":{\"@type\":\"EntryPoint\",\"urlTemplate\":\"https:\/\/afinsuministros.cl\/?s={search_term_string}\"},\"query-input\":{\"@type\":\"PropertyValueSpecification\",\"valueRequired\":true,\"valueName\":\"search_term_string\"}}],\"inLanguage\":\"en-US\"},{\"@type\":\"Organization\",\"@id\":\"https:\/\/afinsuministros.cl\/#organization\",\"name\":\"AFIN Suministros\",\"url\":\"https:\/\/afinsuministros.cl\/\",\"logo\":{\"@type\":\"ImageObject\",\"inLanguage\":\"en-US\",\"@id\":\"https:\/\/afinsuministros.cl\/#\/schema\/logo\/image\/\",\"url\":\"https:\/\/afinsuministros.cl\/wp-content\/uploads\/2020\/11\/cropped-Logo-e1606193532755.png\",\"contentUrl\":\"https:\/\/afinsuministros.cl\/wp-content\/uploads\/2020\/11\/cropped-Logo-e1606193532755.png\",\"width\":200,\"height\":64,\"caption\":\"AFIN Suministros\"},\"image\":{\"@id\":\"https:\/\/afinsuministros.cl\/#\/schema\/logo\/image\/\"}}]}<\/script>\n<!-- \/ Yoast SEO plugin. -->","yoast_head_json":{"title":"Contacto - AFIN Suministros","robots":{"index":"index","follow":"follow","max-snippet":"max-snippet:-1","max-image-preview":"max-image-preview:large","max-video-preview":"max-video-preview:-1"},"canonical":"https:\/\/afinsuministros.cl\/en\/contacto\/","og_locale":"en_US","og_type":"article","og_title":"Contacto - AFIN Suministros","og_description":"Escr\u00edbenos para obtener toda la informaci\u00f3n de nuestros productos. Sello de alta fricci\u00f3n TRUEGRIP BT VER FICHA T\u00c9CNICA Es sistema de dos componentes solventes que se utilizan con un agregado de bauxita de 2-4mm o similares, dando como resultado el sello de alta fricci\u00f3n o \u201cHigh Friction Anti-Skid Surface\u201d. Para la instalaci\u00f3n el sistema no [&hellip;]","og_url":"https:\/\/afinsuministros.cl\/en\/contacto\/","og_site_name":"AFIN Suministros","article_modified_time":"2022-08-08T13:43:59+00:00","og_image":[{"width":1024,"height":768,"url":"https:\/\/afinsuministros.cl\/wp-content\/uploads\/2022\/01\/1.jpg.png","type":"image\/png"}],"twitter_card":"summary_large_image","twitter_misc":{"Est. reading time":"2 minutes"},"schema":{"@context":"https:\/\/schema.org","@graph":[{"@type":"WebPage","@id":"https:\/\/afinsuministros.cl\/contacto\/","url":"https:\/\/afinsuministros.cl\/contacto\/","name":"Contacto - AFIN Suministros","isPartOf":{"@id":"https:\/\/afinsuministros.cl\/#website"},"primaryImageOfPage":{"@id":"https:\/\/afinsuministros.cl\/contacto\/#primaryimage"},"image":{"@id":"https:\/\/afinsuministros.cl\/contacto\/#primaryimage"},"thumbnailUrl":"https:\/\/afinsuministros.cl\/wp-content\/uploads\/2022\/01\/1.jpg.png","datePublished":"2017-01-02T09:07:19+00:00","dateModified":"2022-08-08T13:43:59+00:00","breadcrumb":{"@id":"https:\/\/afinsuministros.cl\/contacto\/#breadcrumb"},"inLanguage":"en-US","potentialAction":[{"@type":"ReadAction","target":["https:\/\/afinsuministros.cl\/contacto\/"]}]},{"@type":"ImageObject","inLanguage":"en-US","@id":"https:\/\/afinsuministros.cl\/contacto\/#primaryimage","url":"https:\/\/afinsuministros.cl\/wp-content\/uploads\/2022\/01\/1.jpg.png","contentUrl":"https:\/\/afinsuministros.cl\/wp-content\/uploads\/2022\/01\/1.jpg.png","width":1024,"height":768,"caption":"Asfalto Antideslizantes AFIN Suministros"},{"@type":"BreadcrumbList","@id":"https:\/\/afinsuministros.cl\/contacto\/#breadcrumb","itemListElement":[{"@type":"ListItem","position":1,"name":"Portada","item":"https:\/\/afinsuministros.cl\/"},{"@type":"ListItem","position":2,"name":"Contacto"}]},{"@type":"WebSite","@id":"https:\/\/afinsuministros.cl\/#website","url":"https:\/\/afinsuministros.cl\/","name":"AFIN Suministros","description":"Lo mejor en suministros de construcci\u00f3n","publisher":{"@id":"https:\/\/afinsuministros.cl\/#organization"},"potentialAction":[{"@type":"SearchAction","target":{"@type":"EntryPoint","urlTemplate":"https:\/\/afinsuministros.cl\/?s={search_term_string}"},"query-input":{"@type":"PropertyValueSpecification","valueRequired":true,"valueName":"search_term_string"}}],"inLanguage":"en-US"},{"@type":"Organization","@id":"https:\/\/afinsuministros.cl\/#organization","name":"AFIN Suministros","url":"https:\/\/afinsuministros.cl\/","logo":{"@type":"ImageObject","inLanguage":"en-US","@id":"https:\/\/afinsuministros.cl\/#\/schema\/logo\/image\/","url":"https:\/\/afinsuministros.cl\/wp-content\/uploads\/2020\/11\/cropped-Logo-e1606193532755.png","contentUrl":"https:\/\/afinsuministros.cl\/wp-content\/uploads\/2020\/11\/cropped-Logo-e1606193532755.png","width":200,"height":64,"caption":"AFIN Suministros"},"image":{"@id":"https:\/\/afinsuministros.cl\/#\/schema\/logo\/image\/"}}]}},"_links":{"self":[{"href":"https:\/\/afinsuministros.cl\/en\/wp-json\/wp\/v2\/pages\/165"}],"collection":[{"href":"https:\/\/afinsuministros.cl\/en\/wp-json\/wp\/v2\/pages"}],"about":[{"href":"https:\/\/afinsuministros.cl\/en\/wp-json\/wp\/v2\/types\/page"}],"author":[{"embeddable":true,"href":"https:\/\/afinsuministros.cl\/en\/wp-json\/wp\/v2\/users\/1"}],"replies":[{"embeddable":true,"href":"https:\/\/afinsuministros.cl\/en\/wp-json\/wp\/v2\/comments?post=165"}],"version-history":[{"count":7,"href":"https:\/\/afinsuministros.cl\/en\/wp-json\/wp\/v2\/pages\/165\/revisions"}],"predecessor-version":[{"id":1295,"href":"https:\/\/afinsuministros.cl\/en\/wp-json\/wp\/v2\/pages\/165\/revisions\/1295"}],"wp:featuredmedia":[{"embeddable":true,"href":"https:\/\/afinsuministros.cl\/en\/wp-json\/wp\/v2\/media\/1054"}],"wp:attachment":[{"href":"https:\/\/afinsuministros.cl\/en\/wp-json\/wp\/v2\/media?parent=165"}],"curies":[{"name":"wp","href":"https:\/\/api.w.org\/{rel}","templated":true}]}}