{"id":393,"date":"2020-11-24T04:55:59","date_gmt":"2020-11-24T04:55:59","guid":{"rendered":"https:\/\/afinsuministros.cl\/?page_id=393"},"modified":"2024-03-14T03:17:15","modified_gmt":"2024-03-14T03:17:15","slug":"nosotros","status":"publish","type":"page","link":"https:\/\/afinsuministros.cl\/en\/nosotros\/","title":{"rendered":"About Us"},"content":{"rendered":"<h2 class=\"wp-block-heading\">Our mission <\/h2><p><strong><em>AFIN SUMINISTROS<\/em><\/strong> seeks to satisfy road needs by delivering high quality services and products in the area of road safety.<\/p><h2 class=\"wp-block-heading\">Our vision<\/h2><p>To become one of the most important companies in the country in the area of road safety, innovating with new technologies and products that guarantee greater safety and comfort for the users of our roads and highways, becoming a company committed to society.<\/p><h2 class=\"wp-block-heading\">Nuestras alianzas comerciales<\/h2><h2 class=\"wp-block-heading\"><strong>ANTAKYA GALVANIZ<\/strong><\/h2><p>Una empresa de Turqu\u00eda l\u00edder en todo tipo de barreras de contenci\u00f3n certificadas<\/p><figure class=\"wp-block-image size-full\"><img loading=\"lazy\" decoding=\"async\" width=\"568\" height=\"932\" src=\"https:\/\/afinsuministros.cl\/wp-content\/uploads\/2023\/01\/ALIANZA-COMERCIAL-1.png\" alt=\"\" class=\"wp-image-1527\" srcset=\"https:\/\/afinsuministros.cl\/wp-content\/uploads\/2023\/01\/ALIANZA-COMERCIAL-1.png 568w, https:\/\/afinsuministros.cl\/wp-content\/uploads\/2023\/01\/ALIANZA-COMERCIAL-1-183x300.png 183w, https:\/\/afinsuministros.cl\/wp-content\/uploads\/2023\/01\/ALIANZA-COMERCIAL-1-7x12.png 7w\" sizes=\"(max-width: 568px) 100vw, 568px\" \/><\/figure><h2 class=\"wp-block-heading\"><strong>Pintura RALVA S.A<\/strong><\/h2><p>The renowned Ralva paint, a high quality Spanish brand widely used throughout Europe. With its innovative formulation and exceptional durability, Ralva paint offers outstanding results in any project.\u00a0<\/p><figure class=\"wp-block-image size-large\"><img loading=\"lazy\" decoding=\"async\" width=\"1024\" height=\"1024\" src=\"https:\/\/afinsuministros.cl\/wp-content\/uploads\/2023\/05\/Barrera-Caminera-02-1-1024x1024.jpg\" alt=\"\" class=\"wp-image-1614\" srcset=\"https:\/\/afinsuministros.cl\/wp-content\/uploads\/2023\/05\/Barrera-Caminera-02-1-1024x1024.jpg 1024w, https:\/\/afinsuministros.cl\/wp-content\/uploads\/2023\/05\/Barrera-Caminera-02-1-300x300.jpg 300w, https:\/\/afinsuministros.cl\/wp-content\/uploads\/2023\/05\/Barrera-Caminera-02-1-150x150.jpg 150w, https:\/\/afinsuministros.cl\/wp-content\/uploads\/2023\/05\/Barrera-Caminera-02-1-768x768.jpg 768w, https:\/\/afinsuministros.cl\/wp-content\/uploads\/2023\/05\/Barrera-Caminera-02-1-12x12.jpg 12w, https:\/\/afinsuministros.cl\/wp-content\/uploads\/2023\/05\/Barrera-Caminera-02-1-600x600.jpg 600w, https:\/\/afinsuministros.cl\/wp-content\/uploads\/2023\/05\/Barrera-Caminera-02-1-100x100.jpg 100w, https:\/\/afinsuministros.cl\/wp-content\/uploads\/2023\/05\/Barrera-Caminera-02-1.jpg 1080w\" sizes=\"(max-width: 1024px) 100vw, 1024px\" \/><\/figure>","protected":false},"excerpt":{"rendered":"<p>Nuestra misi\u00f3n AFIN SUMINISTROS busca satisfacer necesidades viales entregando servicios y productos de alta calidad en el \u00e1rea de la seguridad vial. Nuestra visi\u00f3n Llegar a ser una de las empresas m\u00e1s importantes del pa\u00eds en el \u00e1rea de la seguridad vial, innovando con nuevas tecnolog\u00edas y productos que garanticen mayor seguridad y confort para [&hellip;]<\/p>\n","protected":false},"author":1,"featured_media":546,"parent":0,"menu_order":0,"comment_status":"closed","ping_status":"closed","template":"","meta":{"footnotes":""},"class_list":["post-393","page","type-page","status-publish","has-post-thumbnail","hentry"],"yoast_head":"<!-- This site is optimized with the Yoast SEO plugin v25.6 - https:\/\/yoast.com\/wordpress\/plugins\/seo\/ -->\n<title>Nosotros - AFIN Suministros<\/title>\n<meta name=\"robots\" content=\"index, follow, max-snippet:-1, max-image-preview:large, max-video-preview:-1\" \/>\n<link rel=\"canonical\" href=\"https:\/\/afinsuministros.cl\/en\/nosotros\/\" \/>\n<meta property=\"og:locale\" content=\"en_US\" \/>\n<meta property=\"og:type\" content=\"article\" \/>\n<meta property=\"og:title\" content=\"Nosotros - AFIN Suministros\" \/>\n<meta property=\"og:description\" content=\"Nuestra misi\u00f3n AFIN SUMINISTROS busca satisfacer necesidades viales entregando servicios y productos de alta calidad en el \u00e1rea de la seguridad vial. Nuestra visi\u00f3n Llegar a ser una de las empresas m\u00e1s importantes del pa\u00eds en el \u00e1rea de la seguridad vial, innovando con nuevas tecnolog\u00edas y productos que garanticen mayor seguridad y confort para [&hellip;]\" \/>\n<meta property=\"og:url\" content=\"https:\/\/afinsuministros.cl\/en\/nosotros\/\" \/>\n<meta property=\"og:site_name\" content=\"AFIN Suministros\" \/>\n<meta property=\"article:modified_time\" content=\"2024-03-14T03:17:15+00:00\" \/>\n<meta property=\"og:image\" content=\"https:\/\/afinsuministros.cl\/wp-content\/uploads\/2020\/12\/seguridadvial.jpg\" \/>\n\t<meta property=\"og:image:width\" content=\"690\" \/>\n\t<meta property=\"og:image:height\" content=\"388\" \/>\n\t<meta property=\"og:image:type\" content=\"image\/jpeg\" \/>\n<meta name=\"twitter:card\" content=\"summary_large_image\" \/>\n<meta name=\"twitter:label1\" content=\"Est. reading time\" \/>\n\t<meta name=\"twitter:data1\" content=\"2 minutes\" \/>\n<script type=\"application\/ld+json\" class=\"yoast-schema-graph\">{\"@context\":\"https:\/\/schema.org\",\"@graph\":[{\"@type\":\"WebPage\",\"@id\":\"https:\/\/afinsuministros.cl\/nosotros\/\",\"url\":\"https:\/\/afinsuministros.cl\/nosotros\/\",\"name\":\"Nosotros - AFIN Suministros\",\"isPartOf\":{\"@id\":\"https:\/\/afinsuministros.cl\/#website\"},\"primaryImageOfPage\":{\"@id\":\"https:\/\/afinsuministros.cl\/nosotros\/#primaryimage\"},\"image\":{\"@id\":\"https:\/\/afinsuministros.cl\/nosotros\/#primaryimage\"},\"thumbnailUrl\":\"https:\/\/afinsuministros.cl\/wp-content\/uploads\/2020\/12\/seguridadvial.jpg\",\"datePublished\":\"2020-11-24T04:55:59+00:00\",\"dateModified\":\"2024-03-14T03:17:15+00:00\",\"breadcrumb\":{\"@id\":\"https:\/\/afinsuministros.cl\/nosotros\/#breadcrumb\"},\"inLanguage\":\"en-US\",\"potentialAction\":[{\"@type\":\"ReadAction\",\"target\":[\"https:\/\/afinsuministros.cl\/nosotros\/\"]}]},{\"@type\":\"ImageObject\",\"inLanguage\":\"en-US\",\"@id\":\"https:\/\/afinsuministros.cl\/nosotros\/#primaryimage\",\"url\":\"https:\/\/afinsuministros.cl\/wp-content\/uploads\/2020\/12\/seguridadvial.jpg\",\"contentUrl\":\"https:\/\/afinsuministros.cl\/wp-content\/uploads\/2020\/12\/seguridadvial.jpg\",\"width\":690,\"height\":388},{\"@type\":\"BreadcrumbList\",\"@id\":\"https:\/\/afinsuministros.cl\/nosotros\/#breadcrumb\",\"itemListElement\":[{\"@type\":\"ListItem\",\"position\":1,\"name\":\"Portada\",\"item\":\"https:\/\/afinsuministros.cl\/\"},{\"@type\":\"ListItem\",\"position\":2,\"name\":\"Nosotros\"}]},{\"@type\":\"WebSite\",\"@id\":\"https:\/\/afinsuministros.cl\/#website\",\"url\":\"https:\/\/afinsuministros.cl\/\",\"name\":\"AFIN Suministros\",\"description\":\"Lo mejor en suministros de construcci\u00f3n\",\"publisher\":{\"@id\":\"https:\/\/afinsuministros.cl\/#organization\"},\"potentialAction\":[{\"@type\":\"SearchAction\",\"target\":{\"@type\":\"EntryPoint\",\"urlTemplate\":\"https:\/\/afinsuministros.cl\/?s={search_term_string}\"},\"query-input\":{\"@type\":\"PropertyValueSpecification\",\"valueRequired\":true,\"valueName\":\"search_term_string\"}}],\"inLanguage\":\"en-US\"},{\"@type\":\"Organization\",\"@id\":\"https:\/\/afinsuministros.cl\/#organization\",\"name\":\"AFIN Suministros\",\"url\":\"https:\/\/afinsuministros.cl\/\",\"logo\":{\"@type\":\"ImageObject\",\"inLanguage\":\"en-US\",\"@id\":\"https:\/\/afinsuministros.cl\/#\/schema\/logo\/image\/\",\"url\":\"https:\/\/afinsuministros.cl\/wp-content\/uploads\/2020\/11\/cropped-Logo-e1606193532755.png\",\"contentUrl\":\"https:\/\/afinsuministros.cl\/wp-content\/uploads\/2020\/11\/cropped-Logo-e1606193532755.png\",\"width\":200,\"height\":64,\"caption\":\"AFIN Suministros\"},\"image\":{\"@id\":\"https:\/\/afinsuministros.cl\/#\/schema\/logo\/image\/\"}}]}<\/script>\n<!-- \/ Yoast SEO plugin. -->","yoast_head_json":{"title":"Nosotros - AFIN Suministros","robots":{"index":"index","follow":"follow","max-snippet":"max-snippet:-1","max-image-preview":"max-image-preview:large","max-video-preview":"max-video-preview:-1"},"canonical":"https:\/\/afinsuministros.cl\/en\/nosotros\/","og_locale":"en_US","og_type":"article","og_title":"Nosotros - AFIN Suministros","og_description":"Nuestra misi\u00f3n AFIN SUMINISTROS busca satisfacer necesidades viales entregando servicios y productos de alta calidad en el \u00e1rea de la seguridad vial. Nuestra visi\u00f3n Llegar a ser una de las empresas m\u00e1s importantes del pa\u00eds en el \u00e1rea de la seguridad vial, innovando con nuevas tecnolog\u00edas y productos que garanticen mayor seguridad y confort para [&hellip;]","og_url":"https:\/\/afinsuministros.cl\/en\/nosotros\/","og_site_name":"AFIN Suministros","article_modified_time":"2024-03-14T03:17:15+00:00","og_image":[{"width":690,"height":388,"url":"https:\/\/afinsuministros.cl\/wp-content\/uploads\/2020\/12\/seguridadvial.jpg","type":"image\/jpeg"}],"twitter_card":"summary_large_image","twitter_misc":{"Est. reading time":"2 minutes"},"schema":{"@context":"https:\/\/schema.org","@graph":[{"@type":"WebPage","@id":"https:\/\/afinsuministros.cl\/nosotros\/","url":"https:\/\/afinsuministros.cl\/nosotros\/","name":"Nosotros - AFIN Suministros","isPartOf":{"@id":"https:\/\/afinsuministros.cl\/#website"},"primaryImageOfPage":{"@id":"https:\/\/afinsuministros.cl\/nosotros\/#primaryimage"},"image":{"@id":"https:\/\/afinsuministros.cl\/nosotros\/#primaryimage"},"thumbnailUrl":"https:\/\/afinsuministros.cl\/wp-content\/uploads\/2020\/12\/seguridadvial.jpg","datePublished":"2020-11-24T04:55:59+00:00","dateModified":"2024-03-14T03:17:15+00:00","breadcrumb":{"@id":"https:\/\/afinsuministros.cl\/nosotros\/#breadcrumb"},"inLanguage":"en-US","potentialAction":[{"@type":"ReadAction","target":["https:\/\/afinsuministros.cl\/nosotros\/"]}]},{"@type":"ImageObject","inLanguage":"en-US","@id":"https:\/\/afinsuministros.cl\/nosotros\/#primaryimage","url":"https:\/\/afinsuministros.cl\/wp-content\/uploads\/2020\/12\/seguridadvial.jpg","contentUrl":"https:\/\/afinsuministros.cl\/wp-content\/uploads\/2020\/12\/seguridadvial.jpg","width":690,"height":388},{"@type":"BreadcrumbList","@id":"https:\/\/afinsuministros.cl\/nosotros\/#breadcrumb","itemListElement":[{"@type":"ListItem","position":1,"name":"Portada","item":"https:\/\/afinsuministros.cl\/"},{"@type":"ListItem","position":2,"name":"Nosotros"}]},{"@type":"WebSite","@id":"https:\/\/afinsuministros.cl\/#website","url":"https:\/\/afinsuministros.cl\/","name":"AFIN Suministros","description":"Lo mejor en suministros de construcci\u00f3n","publisher":{"@id":"https:\/\/afinsuministros.cl\/#organization"},"potentialAction":[{"@type":"SearchAction","target":{"@type":"EntryPoint","urlTemplate":"https:\/\/afinsuministros.cl\/?s={search_term_string}"},"query-input":{"@type":"PropertyValueSpecification","valueRequired":true,"valueName":"search_term_string"}}],"inLanguage":"en-US"},{"@type":"Organization","@id":"https:\/\/afinsuministros.cl\/#organization","name":"AFIN Suministros","url":"https:\/\/afinsuministros.cl\/","logo":{"@type":"ImageObject","inLanguage":"en-US","@id":"https:\/\/afinsuministros.cl\/#\/schema\/logo\/image\/","url":"https:\/\/afinsuministros.cl\/wp-content\/uploads\/2020\/11\/cropped-Logo-e1606193532755.png","contentUrl":"https:\/\/afinsuministros.cl\/wp-content\/uploads\/2020\/11\/cropped-Logo-e1606193532755.png","width":200,"height":64,"caption":"AFIN Suministros"},"image":{"@id":"https:\/\/afinsuministros.cl\/#\/schema\/logo\/image\/"}}]}},"_links":{"self":[{"href":"https:\/\/afinsuministros.cl\/en\/wp-json\/wp\/v2\/pages\/393"}],"collection":[{"href":"https:\/\/afinsuministros.cl\/en\/wp-json\/wp\/v2\/pages"}],"about":[{"href":"https:\/\/afinsuministros.cl\/en\/wp-json\/wp\/v2\/types\/page"}],"author":[{"embeddable":true,"href":"https:\/\/afinsuministros.cl\/en\/wp-json\/wp\/v2\/users\/1"}],"replies":[{"embeddable":true,"href":"https:\/\/afinsuministros.cl\/en\/wp-json\/wp\/v2\/comments?post=393"}],"version-history":[{"count":6,"href":"https:\/\/afinsuministros.cl\/en\/wp-json\/wp\/v2\/pages\/393\/revisions"}],"predecessor-version":[{"id":1943,"href":"https:\/\/afinsuministros.cl\/en\/wp-json\/wp\/v2\/pages\/393\/revisions\/1943"}],"wp:featuredmedia":[{"embeddable":true,"href":"https:\/\/afinsuministros.cl\/en\/wp-json\/wp\/v2\/media\/546"}],"wp:attachment":[{"href":"https:\/\/afinsuministros.cl\/en\/wp-json\/wp\/v2\/media?parent=393"}],"curies":[{"name":"wp","href":"https:\/\/api.w.org\/{rel}","templated":true}]}}