{"id":642,"date":"2020-12-17T13:47:28","date_gmt":"2020-12-17T13:47:28","guid":{"rendered":"https:\/\/afinsuministros.cl\/?page_id=642"},"modified":"2020-12-17T13:49:58","modified_gmt":"2020-12-17T13:49:58","slug":"representacion-ralva-2","status":"publish","type":"page","link":"https:\/\/afinsuministros.cl\/en\/representacion-ralva-2\/","title":{"rendered":"RALVA Representation"},"content":{"rendered":"<p><strong><em>F\u00e1brica de pinturas de alto tr\u00e1fico Espa\u00f1ola,&nbsp;<\/em><\/strong>ubicada en Ajalvir (Madrid), velando por el cumplimiento de los est\u00e1ndares m\u00e1s altos de calidad y un riguroso control de las normas de seguridad laboral.<\/p><figure class=\"wp-block-image size-large\"><img loading=\"lazy\" decoding=\"async\" width=\"895\" height=\"420\" src=\"https:\/\/afinsuministros.cl\/wp-content\/uploads\/2020\/12\/Ralva.jpg\" alt=\"Ralva chile\" class=\"wp-image-612\" srcset=\"https:\/\/afinsuministros.cl\/wp-content\/uploads\/2020\/12\/Ralva.jpg 895w, https:\/\/afinsuministros.cl\/wp-content\/uploads\/2020\/12\/Ralva-600x282.jpg 600w, https:\/\/afinsuministros.cl\/wp-content\/uploads\/2020\/12\/Ralva-300x141.jpg 300w, https:\/\/afinsuministros.cl\/wp-content\/uploads\/2020\/12\/Ralva-768x360.jpg 768w\" sizes=\"(max-width: 895px) 100vw, 895px\" \/><figcaption>Ralva Chile<\/figcaption><\/figure><figure class=\"wp-block-image size-large\"><img loading=\"lazy\" decoding=\"async\" width=\"894\" height=\"663\" src=\"https:\/\/afinsuministros.cl\/wp-content\/uploads\/2020\/12\/Pintura-Ralva-1.jpeg\" alt=\"Pintura Ralva\" class=\"wp-image-558\" srcset=\"https:\/\/afinsuministros.cl\/wp-content\/uploads\/2020\/12\/Pintura-Ralva-1.jpeg 894w, https:\/\/afinsuministros.cl\/wp-content\/uploads\/2020\/12\/Pintura-Ralva-1-600x445.jpeg 600w, https:\/\/afinsuministros.cl\/wp-content\/uploads\/2020\/12\/Pintura-Ralva-1-300x222.jpeg 300w, https:\/\/afinsuministros.cl\/wp-content\/uploads\/2020\/12\/Pintura-Ralva-1-768x570.jpeg 768w\" sizes=\"(max-width: 894px) 100vw, 894px\" \/><figcaption>Pintura Ralva<\/figcaption><\/figure><ul class=\"wp-block-list\"><li>Pinturas: pinturas de alto tr\u00e1fico acr\u00edlica, termopl\u00e1stica, pl\u00e1stico en fr\u00edo Destacar novedades: pintura fotoluminiscente<\/li><li>Micoesfera de vidrio marcar ECHOSTAR 5<\/li><li>Barreras met\u00e1licas<\/li><li>Tachas certificadas MOP<\/li><li>Pegamento ep\u00f3xico para tachas<\/li><li>Conos de seguridad vial<\/li><li>speed cameras<\/li><\/ul><figure class=\"wp-block-image size-large\"><img loading=\"lazy\" decoding=\"async\" width=\"267\" height=\"318\" src=\"https:\/\/afinsuministros.cl\/wp-content\/uploads\/2020\/12\/Captagum-Pegamento-Captafaros.jpg\" alt=\"\" class=\"wp-image-559\" srcset=\"https:\/\/afinsuministros.cl\/wp-content\/uploads\/2020\/12\/Captagum-Pegamento-Captafaros.jpg 267w, https:\/\/afinsuministros.cl\/wp-content\/uploads\/2020\/12\/Captagum-Pegamento-Captafaros-252x300.jpg 252w\" sizes=\"(max-width: 267px) 100vw, 267px\" \/><\/figure><figure class=\"wp-block-image size-large\"><img loading=\"lazy\" decoding=\"async\" width=\"800\" height=\"800\" src=\"https:\/\/afinsuministros.cl\/wp-content\/uploads\/2020\/12\/CONOS.png\" alt=\"\" class=\"wp-image-560\" srcset=\"https:\/\/afinsuministros.cl\/wp-content\/uploads\/2020\/12\/CONOS.png 800w, https:\/\/afinsuministros.cl\/wp-content\/uploads\/2020\/12\/CONOS-300x300.png 300w, https:\/\/afinsuministros.cl\/wp-content\/uploads\/2020\/12\/CONOS-100x100.png 100w, https:\/\/afinsuministros.cl\/wp-content\/uploads\/2020\/12\/CONOS-600x600.png 600w, https:\/\/afinsuministros.cl\/wp-content\/uploads\/2020\/12\/CONOS-150x150.png 150w, https:\/\/afinsuministros.cl\/wp-content\/uploads\/2020\/12\/CONOS-768x768.png 768w, https:\/\/afinsuministros.cl\/wp-content\/uploads\/2020\/12\/CONOS-98x98.png 98w, https:\/\/afinsuministros.cl\/wp-content\/uploads\/2020\/12\/CONOS-68x68.png 68w, https:\/\/afinsuministros.cl\/wp-content\/uploads\/2020\/12\/CONOS-50x50.png 50w\" sizes=\"(max-width: 800px) 100vw, 800px\" \/><\/figure><figure class=\"wp-block-image size-large\"><img loading=\"lazy\" decoding=\"async\" width=\"255\" height=\"387\" src=\"https:\/\/afinsuministros.cl\/wp-content\/uploads\/2020\/12\/microesferas-echostar-1.jpg\" alt=\"\" class=\"wp-image-644\" srcset=\"https:\/\/afinsuministros.cl\/wp-content\/uploads\/2020\/12\/microesferas-echostar-1.jpg 255w, https:\/\/afinsuministros.cl\/wp-content\/uploads\/2020\/12\/microesferas-echostar-1-198x300.jpg 198w\" sizes=\"(max-width: 255px) 100vw, 255px\" \/><\/figure><figure class=\"wp-block-image size-large\"><img loading=\"lazy\" decoding=\"async\" width=\"768\" height=\"1024\" src=\"https:\/\/afinsuministros.cl\/wp-content\/uploads\/2020\/12\/WhatsApp-Image-2020-10-30-at-18.52.25-768x1024.jpeg\" alt=\"\" class=\"wp-image-562\" srcset=\"https:\/\/afinsuministros.cl\/wp-content\/uploads\/2020\/12\/WhatsApp-Image-2020-10-30-at-18.52.25-768x1024.jpeg 768w, https:\/\/afinsuministros.cl\/wp-content\/uploads\/2020\/12\/WhatsApp-Image-2020-10-30-at-18.52.25-600x800.jpeg 600w, https:\/\/afinsuministros.cl\/wp-content\/uploads\/2020\/12\/WhatsApp-Image-2020-10-30-at-18.52.25-225x300.jpeg 225w, https:\/\/afinsuministros.cl\/wp-content\/uploads\/2020\/12\/WhatsApp-Image-2020-10-30-at-18.52.25.jpeg 960w\" sizes=\"(max-width: 768px) 100vw, 768px\" \/><\/figure><figure class=\"wp-block-image size-large\"><img loading=\"lazy\" decoding=\"async\" width=\"768\" height=\"1024\" src=\"https:\/\/afinsuministros.cl\/wp-content\/uploads\/2020\/12\/WhatsApp-Image-2020-10-30-at-18.52.25-1-768x1024.jpeg\" alt=\"\" class=\"wp-image-563\" srcset=\"https:\/\/afinsuministros.cl\/wp-content\/uploads\/2020\/12\/WhatsApp-Image-2020-10-30-at-18.52.25-1-768x1024.jpeg 768w, https:\/\/afinsuministros.cl\/wp-content\/uploads\/2020\/12\/WhatsApp-Image-2020-10-30-at-18.52.25-1-600x800.jpeg 600w, https:\/\/afinsuministros.cl\/wp-content\/uploads\/2020\/12\/WhatsApp-Image-2020-10-30-at-18.52.25-1-225x300.jpeg 225w, https:\/\/afinsuministros.cl\/wp-content\/uploads\/2020\/12\/WhatsApp-Image-2020-10-30-at-18.52.25-1.jpeg 960w\" sizes=\"(max-width: 768px) 100vw, 768px\" \/><\/figure>","protected":false},"excerpt":{"rendered":"<p>Spanish high-traffic paint factory, located in Ajalvir (Madrid), ensuring compliance with the highest quality standards and rigorous control of occupational safety regulations.<\/p>","protected":false},"author":1,"featured_media":648,"parent":0,"menu_order":0,"comment_status":"closed","ping_status":"closed","template":"","meta":{"footnotes":""},"class_list":["post-642","page","type-page","status-publish","has-post-thumbnail","hentry"],"yoast_head":"<!-- This site is optimized with the Yoast SEO plugin v25.6 - https:\/\/yoast.com\/wordpress\/plugins\/seo\/ -->\n<title>Representaci\u00f3n Ralva - AFIN Suministros<\/title>\n<meta name=\"robots\" content=\"index, follow, max-snippet:-1, max-image-preview:large, max-video-preview:-1\" \/>\n<link rel=\"canonical\" href=\"https:\/\/afinsuministros.cl\/en\/representacion-ralva-2\/\" \/>\n<meta property=\"og:locale\" content=\"en_US\" \/>\n<meta property=\"og:type\" content=\"article\" \/>\n<meta property=\"og:title\" content=\"Representaci\u00f3n Ralva - AFIN Suministros\" \/>\n<meta property=\"og:description\" content=\"F\u00e1brica de pinturas de alto tr\u00e1fico Espa\u00f1ola, ubicada en Ajalvir (Madrid), velando por el cumplimiento de los est\u00e1ndares m\u00e1s altos de calidad y un riguroso control de las normas de seguridad laboral.\" \/>\n<meta property=\"og:url\" content=\"https:\/\/afinsuministros.cl\/en\/representacion-ralva-2\/\" \/>\n<meta property=\"og:site_name\" content=\"AFIN Suministros\" \/>\n<meta property=\"article:modified_time\" content=\"2020-12-17T13:49:58+00:00\" \/>\n<meta property=\"og:image\" content=\"https:\/\/afinsuministros.cl\/wp-content\/uploads\/2020\/12\/Ralva-Chile.jpg\" \/>\n\t<meta property=\"og:image:width\" content=\"800\" \/>\n\t<meta property=\"og:image:height\" content=\"873\" \/>\n\t<meta property=\"og:image:type\" content=\"image\/jpeg\" \/>\n<meta name=\"twitter:card\" content=\"summary_large_image\" \/>\n<script type=\"application\/ld+json\" class=\"yoast-schema-graph\">{\"@context\":\"https:\/\/schema.org\",\"@graph\":[{\"@type\":\"WebPage\",\"@id\":\"https:\/\/afinsuministros.cl\/representacion-ralva-2\/\",\"url\":\"https:\/\/afinsuministros.cl\/representacion-ralva-2\/\",\"name\":\"Representaci\u00f3n Ralva - AFIN Suministros\",\"isPartOf\":{\"@id\":\"https:\/\/afinsuministros.cl\/#website\"},\"primaryImageOfPage\":{\"@id\":\"https:\/\/afinsuministros.cl\/representacion-ralva-2\/#primaryimage\"},\"image\":{\"@id\":\"https:\/\/afinsuministros.cl\/representacion-ralva-2\/#primaryimage\"},\"thumbnailUrl\":\"https:\/\/afinsuministros.cl\/wp-content\/uploads\/2020\/12\/Ralva-Chile.jpg\",\"datePublished\":\"2020-12-17T13:47:28+00:00\",\"dateModified\":\"2020-12-17T13:49:58+00:00\",\"breadcrumb\":{\"@id\":\"https:\/\/afinsuministros.cl\/representacion-ralva-2\/#breadcrumb\"},\"inLanguage\":\"en-US\",\"potentialAction\":[{\"@type\":\"ReadAction\",\"target\":[\"https:\/\/afinsuministros.cl\/representacion-ralva-2\/\"]}]},{\"@type\":\"ImageObject\",\"inLanguage\":\"en-US\",\"@id\":\"https:\/\/afinsuministros.cl\/representacion-ralva-2\/#primaryimage\",\"url\":\"https:\/\/afinsuministros.cl\/wp-content\/uploads\/2020\/12\/Ralva-Chile.jpg\",\"contentUrl\":\"https:\/\/afinsuministros.cl\/wp-content\/uploads\/2020\/12\/Ralva-Chile.jpg\",\"width\":800,\"height\":873},{\"@type\":\"BreadcrumbList\",\"@id\":\"https:\/\/afinsuministros.cl\/representacion-ralva-2\/#breadcrumb\",\"itemListElement\":[{\"@type\":\"ListItem\",\"position\":1,\"name\":\"Portada\",\"item\":\"https:\/\/afinsuministros.cl\/\"},{\"@type\":\"ListItem\",\"position\":2,\"name\":\"Representaci\u00f3n Ralva\"}]},{\"@type\":\"WebSite\",\"@id\":\"https:\/\/afinsuministros.cl\/#website\",\"url\":\"https:\/\/afinsuministros.cl\/\",\"name\":\"AFIN Suministros\",\"description\":\"Lo mejor en suministros de construcci\u00f3n\",\"publisher\":{\"@id\":\"https:\/\/afinsuministros.cl\/#organization\"},\"potentialAction\":[{\"@type\":\"SearchAction\",\"target\":{\"@type\":\"EntryPoint\",\"urlTemplate\":\"https:\/\/afinsuministros.cl\/?s={search_term_string}\"},\"query-input\":{\"@type\":\"PropertyValueSpecification\",\"valueRequired\":true,\"valueName\":\"search_term_string\"}}],\"inLanguage\":\"en-US\"},{\"@type\":\"Organization\",\"@id\":\"https:\/\/afinsuministros.cl\/#organization\",\"name\":\"AFIN Suministros\",\"url\":\"https:\/\/afinsuministros.cl\/\",\"logo\":{\"@type\":\"ImageObject\",\"inLanguage\":\"en-US\",\"@id\":\"https:\/\/afinsuministros.cl\/#\/schema\/logo\/image\/\",\"url\":\"https:\/\/afinsuministros.cl\/wp-content\/uploads\/2020\/11\/cropped-Logo-e1606193532755.png\",\"contentUrl\":\"https:\/\/afinsuministros.cl\/wp-content\/uploads\/2020\/11\/cropped-Logo-e1606193532755.png\",\"width\":200,\"height\":64,\"caption\":\"AFIN Suministros\"},\"image\":{\"@id\":\"https:\/\/afinsuministros.cl\/#\/schema\/logo\/image\/\"}}]}<\/script>\n<!-- \/ Yoast SEO plugin. -->","yoast_head_json":{"title":"Representaci\u00f3n Ralva - AFIN Suministros","robots":{"index":"index","follow":"follow","max-snippet":"max-snippet:-1","max-image-preview":"max-image-preview:large","max-video-preview":"max-video-preview:-1"},"canonical":"https:\/\/afinsuministros.cl\/en\/representacion-ralva-2\/","og_locale":"en_US","og_type":"article","og_title":"Representaci\u00f3n Ralva - AFIN Suministros","og_description":"F\u00e1brica de pinturas de alto tr\u00e1fico Espa\u00f1ola, ubicada en Ajalvir (Madrid), velando por el cumplimiento de los est\u00e1ndares m\u00e1s altos de calidad y un riguroso control de las normas de seguridad laboral.","og_url":"https:\/\/afinsuministros.cl\/en\/representacion-ralva-2\/","og_site_name":"AFIN Suministros","article_modified_time":"2020-12-17T13:49:58+00:00","og_image":[{"width":800,"height":873,"url":"https:\/\/afinsuministros.cl\/wp-content\/uploads\/2020\/12\/Ralva-Chile.jpg","type":"image\/jpeg"}],"twitter_card":"summary_large_image","schema":{"@context":"https:\/\/schema.org","@graph":[{"@type":"WebPage","@id":"https:\/\/afinsuministros.cl\/representacion-ralva-2\/","url":"https:\/\/afinsuministros.cl\/representacion-ralva-2\/","name":"Representaci\u00f3n Ralva - AFIN Suministros","isPartOf":{"@id":"https:\/\/afinsuministros.cl\/#website"},"primaryImageOfPage":{"@id":"https:\/\/afinsuministros.cl\/representacion-ralva-2\/#primaryimage"},"image":{"@id":"https:\/\/afinsuministros.cl\/representacion-ralva-2\/#primaryimage"},"thumbnailUrl":"https:\/\/afinsuministros.cl\/wp-content\/uploads\/2020\/12\/Ralva-Chile.jpg","datePublished":"2020-12-17T13:47:28+00:00","dateModified":"2020-12-17T13:49:58+00:00","breadcrumb":{"@id":"https:\/\/afinsuministros.cl\/representacion-ralva-2\/#breadcrumb"},"inLanguage":"en-US","potentialAction":[{"@type":"ReadAction","target":["https:\/\/afinsuministros.cl\/representacion-ralva-2\/"]}]},{"@type":"ImageObject","inLanguage":"en-US","@id":"https:\/\/afinsuministros.cl\/representacion-ralva-2\/#primaryimage","url":"https:\/\/afinsuministros.cl\/wp-content\/uploads\/2020\/12\/Ralva-Chile.jpg","contentUrl":"https:\/\/afinsuministros.cl\/wp-content\/uploads\/2020\/12\/Ralva-Chile.jpg","width":800,"height":873},{"@type":"BreadcrumbList","@id":"https:\/\/afinsuministros.cl\/representacion-ralva-2\/#breadcrumb","itemListElement":[{"@type":"ListItem","position":1,"name":"Portada","item":"https:\/\/afinsuministros.cl\/"},{"@type":"ListItem","position":2,"name":"Representaci\u00f3n Ralva"}]},{"@type":"WebSite","@id":"https:\/\/afinsuministros.cl\/#website","url":"https:\/\/afinsuministros.cl\/","name":"AFIN Suministros","description":"Lo mejor en suministros de construcci\u00f3n","publisher":{"@id":"https:\/\/afinsuministros.cl\/#organization"},"potentialAction":[{"@type":"SearchAction","target":{"@type":"EntryPoint","urlTemplate":"https:\/\/afinsuministros.cl\/?s={search_term_string}"},"query-input":{"@type":"PropertyValueSpecification","valueRequired":true,"valueName":"search_term_string"}}],"inLanguage":"en-US"},{"@type":"Organization","@id":"https:\/\/afinsuministros.cl\/#organization","name":"AFIN Suministros","url":"https:\/\/afinsuministros.cl\/","logo":{"@type":"ImageObject","inLanguage":"en-US","@id":"https:\/\/afinsuministros.cl\/#\/schema\/logo\/image\/","url":"https:\/\/afinsuministros.cl\/wp-content\/uploads\/2020\/11\/cropped-Logo-e1606193532755.png","contentUrl":"https:\/\/afinsuministros.cl\/wp-content\/uploads\/2020\/11\/cropped-Logo-e1606193532755.png","width":200,"height":64,"caption":"AFIN Suministros"},"image":{"@id":"https:\/\/afinsuministros.cl\/#\/schema\/logo\/image\/"}}]}},"_links":{"self":[{"href":"https:\/\/afinsuministros.cl\/en\/wp-json\/wp\/v2\/pages\/642"}],"collection":[{"href":"https:\/\/afinsuministros.cl\/en\/wp-json\/wp\/v2\/pages"}],"about":[{"href":"https:\/\/afinsuministros.cl\/en\/wp-json\/wp\/v2\/types\/page"}],"author":[{"embeddable":true,"href":"https:\/\/afinsuministros.cl\/en\/wp-json\/wp\/v2\/users\/1"}],"replies":[{"embeddable":true,"href":"https:\/\/afinsuministros.cl\/en\/wp-json\/wp\/v2\/comments?post=642"}],"version-history":[{"count":2,"href":"https:\/\/afinsuministros.cl\/en\/wp-json\/wp\/v2\/pages\/642\/revisions"}],"predecessor-version":[{"id":649,"href":"https:\/\/afinsuministros.cl\/en\/wp-json\/wp\/v2\/pages\/642\/revisions\/649"}],"wp:featuredmedia":[{"embeddable":true,"href":"https:\/\/afinsuministros.cl\/en\/wp-json\/wp\/v2\/media\/648"}],"wp:attachment":[{"href":"https:\/\/afinsuministros.cl\/en\/wp-json\/wp\/v2\/media?parent=642"}],"curies":[{"name":"wp","href":"https:\/\/api.w.org\/{rel}","templated":true}]}}