{"id":1118,"date":"2022-03-02T19:41:39","date_gmt":"2022-03-02T19:41:39","guid":{"rendered":"https:\/\/afinsuministros.cl\/?post_type=product&#038;p=1118"},"modified":"2026-05-10T09:39:47","modified_gmt":"2026-05-10T09:39:47","slug":"pintura-twincril-rojo-gris-25kg","status":"publish","type":"product","link":"https:\/\/afinsuministros.cl\/en\/product\/pintura-twincril-rojo-gris-25kg\/","title":{"rendered":"Pintura pl\u00e1stico en fr\u00edo doble componente - Twincril"},"content":{"rendered":"<ul>\n<li>Dosificaci\u00f3n: 1000 - 1500 gr\/m2 (Recomendada) \/ Microesferas 500 gr\/m2<\/li>\n<li>Suministro (KIT): Twincril A + Twincril B + 2 bolsas de catalizador de per\u00f3xido de 600 gr<\/li>\n<li>Limpieza: Disolvente SUPER R\u00c1PIDO IH-80 - RALVA<\/li>\n<li>Colores: Blanca, Amarilla y Rojo<\/li>\n<\/ul>","protected":false},"excerpt":{"rendered":"<p>Pintura pl\u00e1stico en fr\u00edo dos componentes TWINCRIL 1:1, se caracteriza por su gran resistencia, durabilidad y retenci\u00f3n de microesferas. Generalmente utilizado para demarcaci\u00f3n de l\u00edneas, s\u00edmbolos, achurados y leyendas acompa\u00f1ado de sembrado de microesferas para entregar un car\u00e1cter retrorreflectante. Su gran adherencia a hormigones y bituminosos le entrega una versatilidad \u00fanica considerando que su aplicaci\u00f3n es con m\u00e1quina airless.<\/p>\n<p><a href=\"https:\/\/afinsuministros.cl\/wp-content\/uploads\/2023\/06\/Ficha-tecnica-6117b6117a-Twincril-estandar-blanco.pdf\"><strong>Ver ficha Pintura pl\u00e1stico en frio doble componente blanco - TWINCRIL (Airless)<\/strong><\/a><\/p>\n<p><strong><a href=\"https:\/\/afinsuministros.cl\/wp-content\/uploads\/2023\/06\/Ficha-tecnica-60756775-Twincril-rojo-ral-3020.pdf\">Ver ficha Pintura pl\u00e1stico en frio doble componente roja - TWINCRIL (Airless)<\/a><\/strong><\/p>\n<p><a href=\"https:\/\/afinsuministros.cl\/wp-content\/uploads\/2023\/06\/Ficha-tecnica-IH80-Disolvente-super-rapido-1.pdf\"><strong>Ver ficha Disolvente de Limpieza IH-80<\/strong><\/a><\/p>\n<p><a href=\"https:\/\/afinsuministros.cl\/wp-content\/uploads\/2023\/06\/Ficha-tecnica-60046400-Twincril-amarillo.pdf\"><strong>Ver ficha Pintura pl\u00e1stico en frio doble componente amarilla - TWINCRIL (Airless)<\/strong><\/a><\/p>\n<p><strong>PUEDES OBTENER INFORMACI\u00d3N ESCRIBI\u00c9NDONOS AL CORREO VENTAS@AFINSUMINISTROS.CL<\/strong><\/p>","protected":false},"featured_media":1666,"comment_status":"open","ping_status":"closed","template":"","meta":[],"product_brand":[],"product_cat":[30,31],"product_tag":[],"class_list":{"0":"post-1118","1":"product","2":"type-product","3":"status-publish","4":"has-post-thumbnail","6":"product_cat-pintura-para-carreteras","7":"product_cat-ralva","9":"first","10":"instock","11":"shipping-taxable","12":"product-type-simple"},"yoast_head":"<!-- This site is optimized with the Yoast SEO plugin v25.6 - https:\/\/yoast.com\/wordpress\/plugins\/seo\/ -->\n<title>Pintura pl\u00e1stico en fr\u00edo doble componente - Twincril - AFIN Suministros<\/title>\n<meta name=\"robots\" content=\"index, follow, max-snippet:-1, max-image-preview:large, max-video-preview:-1\" \/>\n<link rel=\"canonical\" href=\"https:\/\/afinsuministros.cl\/en\/product\/pintura-twincril-rojo-gris-25kg\/\" \/>\n<meta property=\"og:locale\" content=\"en_US\" \/>\n<meta property=\"og:type\" content=\"article\" \/>\n<meta property=\"og:title\" content=\"Pintura pl\u00e1stico en fr\u00edo doble componente - Twincril - AFIN Suministros\" \/>\n<meta property=\"og:description\" content=\"Pintura pl\u00e1stico en fr\u00edo dos componentes TWINCRIL 1:1, se caracteriza por su gran resistencia, durabilidad y retenci\u00f3n de microesferas. Generalmente utilizado para demarcaci\u00f3n de l\u00edneas, s\u00edmbolos, achurados y leyendas acompa\u00f1ado de sembrado de microesferas para entregar un car\u00e1cter retrorreflectante. Su gran adherencia a hormigones y bituminosos le entrega una versatilidad \u00fanica considerando que su aplicaci\u00f3n es con m\u00e1quina airless.  Ver ficha Pintura pl\u00e1stico en frio doble componente blanco - TWINCRIL (Airless)  Ver ficha Pintura pl\u00e1stico en frio doble componente roja - TWINCRIL (Airless)  Ver ficha Disolvente de Limpieza IH-80  Ver ficha Pintura pl\u00e1stico en frio doble componente amarilla - TWINCRIL (Airless)  PUEDES OBTENER INFORMACI\u00d3N ESCRIBI\u00c9NDONOS AL CORREO VENTAS@AFINSUMINISTROS.CL\" \/>\n<meta property=\"og:url\" content=\"https:\/\/afinsuministros.cl\/en\/product\/pintura-twincril-rojo-gris-25kg\/\" \/>\n<meta property=\"og:site_name\" content=\"AFIN Suministros\" \/>\n<meta property=\"article:modified_time\" content=\"2026-05-10T09:39:47+00:00\" \/>\n<meta property=\"og:image\" content=\"https:\/\/afinsuministros.cl\/wp-content\/uploads\/2022\/03\/Pintura-plastico-en-frio-doble-componente-1.jpg\" \/>\n\t<meta property=\"og:image:width\" content=\"1000\" \/>\n\t<meta property=\"og:image:height\" content=\"919\" \/>\n\t<meta property=\"og:image:type\" content=\"image\/jpeg\" \/>\n<meta name=\"twitter:card\" content=\"summary_large_image\" \/>\n<meta name=\"twitter:label1\" content=\"Est. reading time\" \/>\n\t<meta name=\"twitter:data1\" content=\"1 minute\" \/>\n<script type=\"application\/ld+json\" class=\"yoast-schema-graph\">{\"@context\":\"https:\/\/schema.org\",\"@graph\":[{\"@type\":\"WebPage\",\"@id\":\"https:\/\/afinsuministros.cl\/producto\/pintura-twincril-rojo-gris-25kg\/\",\"url\":\"https:\/\/afinsuministros.cl\/producto\/pintura-twincril-rojo-gris-25kg\/\",\"name\":\"Pintura pl\u00e1stico en fr\u00edo doble componente - Twincril - AFIN Suministros\",\"isPartOf\":{\"@id\":\"https:\/\/afinsuministros.cl\/#website\"},\"primaryImageOfPage\":{\"@id\":\"https:\/\/afinsuministros.cl\/producto\/pintura-twincril-rojo-gris-25kg\/#primaryimage\"},\"image\":{\"@id\":\"https:\/\/afinsuministros.cl\/producto\/pintura-twincril-rojo-gris-25kg\/#primaryimage\"},\"thumbnailUrl\":\"https:\/\/afinsuministros.cl\/wp-content\/uploads\/2022\/03\/Pintura-plastico-en-frio-doble-componente-1.jpg\",\"datePublished\":\"2022-03-02T19:41:39+00:00\",\"dateModified\":\"2026-05-10T09:39:47+00:00\",\"breadcrumb\":{\"@id\":\"https:\/\/afinsuministros.cl\/producto\/pintura-twincril-rojo-gris-25kg\/#breadcrumb\"},\"inLanguage\":\"en-US\",\"potentialAction\":[{\"@type\":\"ReadAction\",\"target\":[\"https:\/\/afinsuministros.cl\/producto\/pintura-twincril-rojo-gris-25kg\/\"]}]},{\"@type\":\"ImageObject\",\"inLanguage\":\"en-US\",\"@id\":\"https:\/\/afinsuministros.cl\/producto\/pintura-twincril-rojo-gris-25kg\/#primaryimage\",\"url\":\"https:\/\/afinsuministros.cl\/wp-content\/uploads\/2022\/03\/Pintura-plastico-en-frio-doble-componente-1.jpg\",\"contentUrl\":\"https:\/\/afinsuministros.cl\/wp-content\/uploads\/2022\/03\/Pintura-plastico-en-frio-doble-componente-1.jpg\",\"width\":1000,\"height\":919},{\"@type\":\"BreadcrumbList\",\"@id\":\"https:\/\/afinsuministros.cl\/producto\/pintura-twincril-rojo-gris-25kg\/#breadcrumb\",\"itemListElement\":[{\"@type\":\"ListItem\",\"position\":1,\"name\":\"Portada\",\"item\":\"https:\/\/afinsuministros.cl\/\"},{\"@type\":\"ListItem\",\"position\":2,\"name\":\"Tienda\",\"item\":\"https:\/\/afinsuministros.cl\/tienda\/\"},{\"@type\":\"ListItem\",\"position\":3,\"name\":\"Pintura pl\u00e1stico en fr\u00edo doble componente - Twincril\"}]},{\"@type\":\"WebSite\",\"@id\":\"https:\/\/afinsuministros.cl\/#website\",\"url\":\"https:\/\/afinsuministros.cl\/\",\"name\":\"AFIN Suministros\",\"description\":\"Lo mejor en suministros de construcci\u00f3n\",\"publisher\":{\"@id\":\"https:\/\/afinsuministros.cl\/#organization\"},\"potentialAction\":[{\"@type\":\"SearchAction\",\"target\":{\"@type\":\"EntryPoint\",\"urlTemplate\":\"https:\/\/afinsuministros.cl\/?s={search_term_string}\"},\"query-input\":{\"@type\":\"PropertyValueSpecification\",\"valueRequired\":true,\"valueName\":\"search_term_string\"}}],\"inLanguage\":\"en-US\"},{\"@type\":\"Organization\",\"@id\":\"https:\/\/afinsuministros.cl\/#organization\",\"name\":\"AFIN Suministros\",\"url\":\"https:\/\/afinsuministros.cl\/\",\"logo\":{\"@type\":\"ImageObject\",\"inLanguage\":\"en-US\",\"@id\":\"https:\/\/afinsuministros.cl\/#\/schema\/logo\/image\/\",\"url\":\"https:\/\/afinsuministros.cl\/wp-content\/uploads\/2020\/11\/cropped-Logo-e1606193532755.png\",\"contentUrl\":\"https:\/\/afinsuministros.cl\/wp-content\/uploads\/2020\/11\/cropped-Logo-e1606193532755.png\",\"width\":200,\"height\":64,\"caption\":\"AFIN Suministros\"},\"image\":{\"@id\":\"https:\/\/afinsuministros.cl\/#\/schema\/logo\/image\/\"}}]}<\/script>\n<!-- \/ Yoast SEO plugin. -->","yoast_head_json":{"title":"Pintura pl\u00e1stico en fr\u00edo doble componente - Twincril - AFIN Suministros","robots":{"index":"index","follow":"follow","max-snippet":"max-snippet:-1","max-image-preview":"max-image-preview:large","max-video-preview":"max-video-preview:-1"},"canonical":"https:\/\/afinsuministros.cl\/en\/product\/pintura-twincril-rojo-gris-25kg\/","og_locale":"en_US","og_type":"article","og_title":"Pintura pl\u00e1stico en fr\u00edo doble componente - Twincril - AFIN Suministros","og_description":"Pintura pl\u00e1stico en fr\u00edo dos componentes TWINCRIL 1:1, se caracteriza por su gran resistencia, durabilidad y retenci\u00f3n de microesferas. Generalmente utilizado para demarcaci\u00f3n de l\u00edneas, s\u00edmbolos, achurados y leyendas acompa\u00f1ado de sembrado de microesferas para entregar un car\u00e1cter retrorreflectante. Su gran adherencia a hormigones y bituminosos le entrega una versatilidad \u00fanica considerando que su aplicaci\u00f3n es con m\u00e1quina airless.  Ver ficha Pintura pl\u00e1stico en frio doble componente blanco - TWINCRIL (Airless)  Ver ficha Pintura pl\u00e1stico en frio doble componente roja - TWINCRIL (Airless)  Ver ficha Disolvente de Limpieza IH-80  Ver ficha Pintura pl\u00e1stico en frio doble componente amarilla - TWINCRIL (Airless)  PUEDES OBTENER INFORMACI\u00d3N ESCRIBI\u00c9NDONOS AL CORREO VENTAS@AFINSUMINISTROS.CL","og_url":"https:\/\/afinsuministros.cl\/en\/product\/pintura-twincril-rojo-gris-25kg\/","og_site_name":"AFIN Suministros","article_modified_time":"2026-05-10T09:39:47+00:00","og_image":[{"width":1000,"height":919,"url":"https:\/\/afinsuministros.cl\/wp-content\/uploads\/2022\/03\/Pintura-plastico-en-frio-doble-componente-1.jpg","type":"image\/jpeg"}],"twitter_card":"summary_large_image","twitter_misc":{"Est. reading time":"1 minute"},"schema":{"@context":"https:\/\/schema.org","@graph":[{"@type":"WebPage","@id":"https:\/\/afinsuministros.cl\/producto\/pintura-twincril-rojo-gris-25kg\/","url":"https:\/\/afinsuministros.cl\/producto\/pintura-twincril-rojo-gris-25kg\/","name":"Pintura pl\u00e1stico en fr\u00edo doble componente - Twincril - AFIN Suministros","isPartOf":{"@id":"https:\/\/afinsuministros.cl\/#website"},"primaryImageOfPage":{"@id":"https:\/\/afinsuministros.cl\/producto\/pintura-twincril-rojo-gris-25kg\/#primaryimage"},"image":{"@id":"https:\/\/afinsuministros.cl\/producto\/pintura-twincril-rojo-gris-25kg\/#primaryimage"},"thumbnailUrl":"https:\/\/afinsuministros.cl\/wp-content\/uploads\/2022\/03\/Pintura-plastico-en-frio-doble-componente-1.jpg","datePublished":"2022-03-02T19:41:39+00:00","dateModified":"2026-05-10T09:39:47+00:00","breadcrumb":{"@id":"https:\/\/afinsuministros.cl\/producto\/pintura-twincril-rojo-gris-25kg\/#breadcrumb"},"inLanguage":"en-US","potentialAction":[{"@type":"ReadAction","target":["https:\/\/afinsuministros.cl\/producto\/pintura-twincril-rojo-gris-25kg\/"]}]},{"@type":"ImageObject","inLanguage":"en-US","@id":"https:\/\/afinsuministros.cl\/producto\/pintura-twincril-rojo-gris-25kg\/#primaryimage","url":"https:\/\/afinsuministros.cl\/wp-content\/uploads\/2022\/03\/Pintura-plastico-en-frio-doble-componente-1.jpg","contentUrl":"https:\/\/afinsuministros.cl\/wp-content\/uploads\/2022\/03\/Pintura-plastico-en-frio-doble-componente-1.jpg","width":1000,"height":919},{"@type":"BreadcrumbList","@id":"https:\/\/afinsuministros.cl\/producto\/pintura-twincril-rojo-gris-25kg\/#breadcrumb","itemListElement":[{"@type":"ListItem","position":1,"name":"Portada","item":"https:\/\/afinsuministros.cl\/"},{"@type":"ListItem","position":2,"name":"Tienda","item":"https:\/\/afinsuministros.cl\/tienda\/"},{"@type":"ListItem","position":3,"name":"Pintura pl\u00e1stico en fr\u00edo doble componente - Twincril"}]},{"@type":"WebSite","@id":"https:\/\/afinsuministros.cl\/#website","url":"https:\/\/afinsuministros.cl\/","name":"AFIN Suministros","description":"Lo mejor en suministros de construcci\u00f3n","publisher":{"@id":"https:\/\/afinsuministros.cl\/#organization"},"potentialAction":[{"@type":"SearchAction","target":{"@type":"EntryPoint","urlTemplate":"https:\/\/afinsuministros.cl\/?s={search_term_string}"},"query-input":{"@type":"PropertyValueSpecification","valueRequired":true,"valueName":"search_term_string"}}],"inLanguage":"en-US"},{"@type":"Organization","@id":"https:\/\/afinsuministros.cl\/#organization","name":"AFIN Suministros","url":"https:\/\/afinsuministros.cl\/","logo":{"@type":"ImageObject","inLanguage":"en-US","@id":"https:\/\/afinsuministros.cl\/#\/schema\/logo\/image\/","url":"https:\/\/afinsuministros.cl\/wp-content\/uploads\/2020\/11\/cropped-Logo-e1606193532755.png","contentUrl":"https:\/\/afinsuministros.cl\/wp-content\/uploads\/2020\/11\/cropped-Logo-e1606193532755.png","width":200,"height":64,"caption":"AFIN Suministros"},"image":{"@id":"https:\/\/afinsuministros.cl\/#\/schema\/logo\/image\/"}}]}},"_links":{"self":[{"href":"https:\/\/afinsuministros.cl\/en\/wp-json\/wp\/v2\/product\/1118"}],"collection":[{"href":"https:\/\/afinsuministros.cl\/en\/wp-json\/wp\/v2\/product"}],"about":[{"href":"https:\/\/afinsuministros.cl\/en\/wp-json\/wp\/v2\/types\/product"}],"replies":[{"embeddable":true,"href":"https:\/\/afinsuministros.cl\/en\/wp-json\/wp\/v2\/comments?post=1118"}],"wp:featuredmedia":[{"embeddable":true,"href":"https:\/\/afinsuministros.cl\/en\/wp-json\/wp\/v2\/media\/1666"}],"wp:attachment":[{"href":"https:\/\/afinsuministros.cl\/en\/wp-json\/wp\/v2\/media?parent=1118"}],"wp:term":[{"taxonomy":"product_brand","embeddable":true,"href":"https:\/\/afinsuministros.cl\/en\/wp-json\/wp\/v2\/product_brand?post=1118"},{"taxonomy":"product_cat","embeddable":true,"href":"https:\/\/afinsuministros.cl\/en\/wp-json\/wp\/v2\/product_cat?post=1118"},{"taxonomy":"product_tag","embeddable":true,"href":"https:\/\/afinsuministros.cl\/en\/wp-json\/wp\/v2\/product_tag?post=1118"}],"curies":[{"name":"wp","href":"https:\/\/api.w.org\/{rel}","templated":true}]}}