{"id":1541,"date":"2023-02-15T20:38:26","date_gmt":"2023-02-15T20:38:26","guid":{"rendered":"https:\/\/afinsuministros.cl\/?post_type=product&#038;p=1541"},"modified":"2026-04-08T02:38:38","modified_gmt":"2026-04-08T02:38:38","slug":"demarcacion-termospray-termoplastico-por-pulverizacion","status":"publish","type":"product","link":"https:\/\/afinsuministros.cl\/en\/product\/demarcacion-termospray-termoplastico-por-pulverizacion\/","title":{"rendered":"Demarcaci\u00f3n horizontal vial THERMOSPRAY - Termopl\u00e1stico por pulverizaci\u00f3n"},"content":{"rendered":"<h2>Servicio de demarcaci\u00f3n thermospray para v\u00edas urbanas y carreteras<span class=\"Apple-converted-space\">\u00a0<\/span><\/h2>\r\n<p><strong>Pintura:<\/strong><\/p>\r\n<ul>\r\n<li>THERMOSPRAY: Termopl\u00e1stica SPRAY T-30 de RALVA de resina de Colofonia con microesferas incorporadas en un 30%<\/li>\r\n<li>Microesferas: ECHOSTAR 10 de banda III, especial para uso en materiales termopl\u00e1sticos<\/li>\r\n<\/ul>\r\n<h2>Thermoplastic demarcation:<span class=\"Apple-converted-space\">\u00a0<\/span><\/h2>\r\n<ol>\r\n<li>Longer durability within conventional markings, over acrylic markings. 3 to 4 years<span class=\"Apple-converted-space\">\u00a0<\/span><\/li>\r\n<li>Retroreflectance by addition of glass microspheres by DROP-ON or seeding method<span class=\"Apple-converted-space\">\u00a0<\/span><\/li>\r\n<\/ol>\r\n<h2>What is spray thermoplastic?<\/h2>\r\n<p>Thermoplastic spraying is a process in which a layer of thermoplastic powder paint is applied to a surface by a hot spraying process. This process is commonly used in road marking and pavement marking applications. The thermoplastic powder is composed of thermoplastic resins, pigments, fillers and additives. When heated to a suitable temperature, the powder melts and adheres to the surface to which it is being applied. The thermoplastic coating is highly resistant to wear and abrasion, making it suitable for high-traffic road marking applications. The spray application process offers several advantages over other application methods, such as spray painting or roller application. Hot spraying allows for a more uniform and controlled application of the coating, which ensures a uniform and high quality paint layer. In addition, the process is faster and more efficient, reducing downtime of the road or surface on which the paint is being applied. In summary, thermoplastic spray application is an effective and efficient method for road marking and other hot coating applications. Its resistance to wear and abrasion makes it suitable for heavy traffic conditions, and its controlled and uniform application process ensures a high quality paint coating.<\/p>","protected":false},"excerpt":{"rendered":"<p>La demarcaci\u00f3n THERMOSPRAY se instala dentro de las demarcaci\u00f3n horizontales viales convencionales, sin embargo, la demarcaci\u00f3n con termopl\u00e1sticos por pulverizaci\u00f3n entrega una soluci\u00f3n de mayor espesor, mayor durabilidad y alta mantenci\u00f3n del car\u00e1cter retrorreflectante sobre las dem\u00e1s soluciones de demarcaciones horizontales, esto debido a sus microesferas incorporadas y por sembrado que a lo largo del tiempo van aflorando mediante el desgaste reduce el espesor de la l\u00ednea demarcada.<\/p>\n<p>La aplicaci\u00f3n de est\u00e1 soluci\u00f3n por pulverizaci\u00f3n se ejecuta con el equipo autopropulsado Hofmann H18-2 de alta gamma dentro de los equipos para THERMOSPRAY en el mundo otorgando rendimientos y dosificaciones claras y acordes a lo solicitado por las diferentes entidades gubernamentales.<\/p>\n<p><strong><a href=\"https:\/\/afinsuministros.cl\/wp-content\/uploads\/2023\/06\/0.1-T061-C_REV.-14Termoplastico-Spray-T-30-Blanco.-GRUPO-CE-1.pdf\">SEE DATA SHEET<\/a><\/strong><\/p>\n<p><strong>PUEDES OBTENER INFORMACI\u00d3N ESCRIBI\u00c9NDONOS AL CORREO VENTAS@AFINSUMINISTROS.CL<\/strong><\/p>","protected":false},"featured_media":1568,"comment_status":"open","ping_status":"closed","template":"","meta":[],"product_brand":[],"product_cat":[30],"product_tag":[],"class_list":{"0":"post-1541","1":"product","2":"type-product","3":"status-publish","4":"has-post-thumbnail","6":"product_cat-pintura-para-carreteras","8":"first","9":"instock","10":"shipping-taxable","11":"product-type-simple"},"yoast_head":"<!-- This site is optimized with the Yoast SEO plugin v25.6 - https:\/\/yoast.com\/wordpress\/plugins\/seo\/ -->\n<title>Demarcaci\u00f3n horizontal vial THERMOSPRAY - Termopl\u00e1stico por pulverizaci\u00f3n - AFIN Suministros<\/title>\n<meta name=\"robots\" content=\"index, follow, max-snippet:-1, max-image-preview:large, max-video-preview:-1\" \/>\n<link rel=\"canonical\" href=\"https:\/\/afinsuministros.cl\/en\/product\/demarcacion-termospray-termoplastico-por-pulverizacion\/\" \/>\n<meta property=\"og:locale\" content=\"en_US\" \/>\n<meta property=\"og:type\" content=\"article\" \/>\n<meta property=\"og:title\" content=\"Demarcaci\u00f3n horizontal vial THERMOSPRAY - Termopl\u00e1stico por pulverizaci\u00f3n - AFIN Suministros\" \/>\n<meta property=\"og:description\" content=\"La demarcaci\u00f3n THERMOSPRAY se instala dentro de las demarcaci\u00f3n horizontales viales convencionales, sin embargo, la demarcaci\u00f3n con termopl\u00e1sticos por pulverizaci\u00f3n entrega una soluci\u00f3n de mayor espesor, mayor durabilidad y alta mantenci\u00f3n del car\u00e1cter retrorreflectante sobre las dem\u00e1s soluciones de demarcaciones horizontales, esto debido a sus microesferas incorporadas y por sembrado que a lo largo del tiempo van aflorando mediante el desgaste reduce el espesor de la l\u00ednea demarcada. La aplicaci\u00f3n de est\u00e1 soluci\u00f3n por pulverizaci\u00f3n se ejecuta con el equipo autopropulsado Hofmann H18-2 de alta gamma dentro de los equipos para THERMOSPRAY en el mundo otorgando rendimientos y dosificaciones claras y acordes a lo solicitado por las diferentes entidades gubernamentales. VER FICHA T\u00c9CNICA PUEDES OBTENER INFORMACI\u00d3N ESCRIBI\u00c9NDONOS AL CORREO VENTAS@AFINSUMINISTROS.CL\" \/>\n<meta property=\"og:url\" content=\"https:\/\/afinsuministros.cl\/en\/product\/demarcacion-termospray-termoplastico-por-pulverizacion\/\" \/>\n<meta property=\"og:site_name\" content=\"AFIN Suministros\" \/>\n<meta property=\"article:modified_time\" content=\"2026-04-08T02:38:38+00:00\" \/>\n<meta property=\"og:image\" content=\"https:\/\/afinsuministros.cl\/wp-content\/uploads\/2023\/02\/Demarcacion-termospray-.jpg\" \/>\n\t<meta property=\"og:image:width\" content=\"843\" \/>\n\t<meta property=\"og:image:height\" content=\"843\" \/>\n\t<meta property=\"og:image:type\" content=\"image\/jpeg\" \/>\n<meta name=\"twitter:card\" content=\"summary_large_image\" \/>\n<meta name=\"twitter:label1\" content=\"Est. reading time\" \/>\n\t<meta name=\"twitter:data1\" content=\"2 minutes\" \/>\n<script type=\"application\/ld+json\" class=\"yoast-schema-graph\">{\"@context\":\"https:\/\/schema.org\",\"@graph\":[{\"@type\":\"WebPage\",\"@id\":\"https:\/\/afinsuministros.cl\/producto\/demarcacion-termospray-termoplastico-por-pulverizacion\/\",\"url\":\"https:\/\/afinsuministros.cl\/producto\/demarcacion-termospray-termoplastico-por-pulverizacion\/\",\"name\":\"Demarcaci\u00f3n horizontal vial THERMOSPRAY - Termopl\u00e1stico por pulverizaci\u00f3n - AFIN Suministros\",\"isPartOf\":{\"@id\":\"https:\/\/afinsuministros.cl\/#website\"},\"primaryImageOfPage\":{\"@id\":\"https:\/\/afinsuministros.cl\/producto\/demarcacion-termospray-termoplastico-por-pulverizacion\/#primaryimage\"},\"image\":{\"@id\":\"https:\/\/afinsuministros.cl\/producto\/demarcacion-termospray-termoplastico-por-pulverizacion\/#primaryimage\"},\"thumbnailUrl\":\"https:\/\/afinsuministros.cl\/wp-content\/uploads\/2023\/02\/Demarcacion-termospray-.jpg\",\"datePublished\":\"2023-02-15T20:38:26+00:00\",\"dateModified\":\"2026-04-08T02:38:38+00:00\",\"breadcrumb\":{\"@id\":\"https:\/\/afinsuministros.cl\/producto\/demarcacion-termospray-termoplastico-por-pulverizacion\/#breadcrumb\"},\"inLanguage\":\"en-US\",\"potentialAction\":[{\"@type\":\"ReadAction\",\"target\":[\"https:\/\/afinsuministros.cl\/producto\/demarcacion-termospray-termoplastico-por-pulverizacion\/\"]}]},{\"@type\":\"ImageObject\",\"inLanguage\":\"en-US\",\"@id\":\"https:\/\/afinsuministros.cl\/producto\/demarcacion-termospray-termoplastico-por-pulverizacion\/#primaryimage\",\"url\":\"https:\/\/afinsuministros.cl\/wp-content\/uploads\/2023\/02\/Demarcacion-termospray-.jpg\",\"contentUrl\":\"https:\/\/afinsuministros.cl\/wp-content\/uploads\/2023\/02\/Demarcacion-termospray-.jpg\",\"width\":843,\"height\":843,\"caption\":\"Demarcaci\u00f3n-termospray-\"},{\"@type\":\"BreadcrumbList\",\"@id\":\"https:\/\/afinsuministros.cl\/producto\/demarcacion-termospray-termoplastico-por-pulverizacion\/#breadcrumb\",\"itemListElement\":[{\"@type\":\"ListItem\",\"position\":1,\"name\":\"Portada\",\"item\":\"https:\/\/afinsuministros.cl\/\"},{\"@type\":\"ListItem\",\"position\":2,\"name\":\"Tienda\",\"item\":\"https:\/\/afinsuministros.cl\/tienda\/\"},{\"@type\":\"ListItem\",\"position\":3,\"name\":\"Demarcaci\u00f3n horizontal vial THERMOSPRAY - Termopl\u00e1stico por pulverizaci\u00f3n\"}]},{\"@type\":\"WebSite\",\"@id\":\"https:\/\/afinsuministros.cl\/#website\",\"url\":\"https:\/\/afinsuministros.cl\/\",\"name\":\"AFIN Suministros\",\"description\":\"Lo mejor en suministros de construcci\u00f3n\",\"publisher\":{\"@id\":\"https:\/\/afinsuministros.cl\/#organization\"},\"potentialAction\":[{\"@type\":\"SearchAction\",\"target\":{\"@type\":\"EntryPoint\",\"urlTemplate\":\"https:\/\/afinsuministros.cl\/?s={search_term_string}\"},\"query-input\":{\"@type\":\"PropertyValueSpecification\",\"valueRequired\":true,\"valueName\":\"search_term_string\"}}],\"inLanguage\":\"en-US\"},{\"@type\":\"Organization\",\"@id\":\"https:\/\/afinsuministros.cl\/#organization\",\"name\":\"AFIN Suministros\",\"url\":\"https:\/\/afinsuministros.cl\/\",\"logo\":{\"@type\":\"ImageObject\",\"inLanguage\":\"en-US\",\"@id\":\"https:\/\/afinsuministros.cl\/#\/schema\/logo\/image\/\",\"url\":\"https:\/\/afinsuministros.cl\/wp-content\/uploads\/2020\/11\/cropped-Logo-e1606193532755.png\",\"contentUrl\":\"https:\/\/afinsuministros.cl\/wp-content\/uploads\/2020\/11\/cropped-Logo-e1606193532755.png\",\"width\":200,\"height\":64,\"caption\":\"AFIN Suministros\"},\"image\":{\"@id\":\"https:\/\/afinsuministros.cl\/#\/schema\/logo\/image\/\"}}]}<\/script>\n<!-- \/ Yoast SEO plugin. -->","yoast_head_json":{"title":"Demarcaci\u00f3n horizontal vial THERMOSPRAY - Termopl\u00e1stico por pulverizaci\u00f3n - AFIN Suministros","robots":{"index":"index","follow":"follow","max-snippet":"max-snippet:-1","max-image-preview":"max-image-preview:large","max-video-preview":"max-video-preview:-1"},"canonical":"https:\/\/afinsuministros.cl\/en\/product\/demarcacion-termospray-termoplastico-por-pulverizacion\/","og_locale":"en_US","og_type":"article","og_title":"Demarcaci\u00f3n horizontal vial THERMOSPRAY - Termopl\u00e1stico por pulverizaci\u00f3n - AFIN Suministros","og_description":"La demarcaci\u00f3n THERMOSPRAY se instala dentro de las demarcaci\u00f3n horizontales viales convencionales, sin embargo, la demarcaci\u00f3n con termopl\u00e1sticos por pulverizaci\u00f3n entrega una soluci\u00f3n de mayor espesor, mayor durabilidad y alta mantenci\u00f3n del car\u00e1cter retrorreflectante sobre las dem\u00e1s soluciones de demarcaciones horizontales, esto debido a sus microesferas incorporadas y por sembrado que a lo largo del tiempo van aflorando mediante el desgaste reduce el espesor de la l\u00ednea demarcada. La aplicaci\u00f3n de est\u00e1 soluci\u00f3n por pulverizaci\u00f3n se ejecuta con el equipo autopropulsado Hofmann H18-2 de alta gamma dentro de los equipos para THERMOSPRAY en el mundo otorgando rendimientos y dosificaciones claras y acordes a lo solicitado por las diferentes entidades gubernamentales. VER FICHA T\u00c9CNICA PUEDES OBTENER INFORMACI\u00d3N ESCRIBI\u00c9NDONOS AL CORREO VENTAS@AFINSUMINISTROS.CL","og_url":"https:\/\/afinsuministros.cl\/en\/product\/demarcacion-termospray-termoplastico-por-pulverizacion\/","og_site_name":"AFIN Suministros","article_modified_time":"2026-04-08T02:38:38+00:00","og_image":[{"width":843,"height":843,"url":"https:\/\/afinsuministros.cl\/wp-content\/uploads\/2023\/02\/Demarcacion-termospray-.jpg","type":"image\/jpeg"}],"twitter_card":"summary_large_image","twitter_misc":{"Est. reading time":"2 minutes"},"schema":{"@context":"https:\/\/schema.org","@graph":[{"@type":"WebPage","@id":"https:\/\/afinsuministros.cl\/producto\/demarcacion-termospray-termoplastico-por-pulverizacion\/","url":"https:\/\/afinsuministros.cl\/producto\/demarcacion-termospray-termoplastico-por-pulverizacion\/","name":"Demarcaci\u00f3n horizontal vial THERMOSPRAY - Termopl\u00e1stico por pulverizaci\u00f3n - AFIN Suministros","isPartOf":{"@id":"https:\/\/afinsuministros.cl\/#website"},"primaryImageOfPage":{"@id":"https:\/\/afinsuministros.cl\/producto\/demarcacion-termospray-termoplastico-por-pulverizacion\/#primaryimage"},"image":{"@id":"https:\/\/afinsuministros.cl\/producto\/demarcacion-termospray-termoplastico-por-pulverizacion\/#primaryimage"},"thumbnailUrl":"https:\/\/afinsuministros.cl\/wp-content\/uploads\/2023\/02\/Demarcacion-termospray-.jpg","datePublished":"2023-02-15T20:38:26+00:00","dateModified":"2026-04-08T02:38:38+00:00","breadcrumb":{"@id":"https:\/\/afinsuministros.cl\/producto\/demarcacion-termospray-termoplastico-por-pulverizacion\/#breadcrumb"},"inLanguage":"en-US","potentialAction":[{"@type":"ReadAction","target":["https:\/\/afinsuministros.cl\/producto\/demarcacion-termospray-termoplastico-por-pulverizacion\/"]}]},{"@type":"ImageObject","inLanguage":"en-US","@id":"https:\/\/afinsuministros.cl\/producto\/demarcacion-termospray-termoplastico-por-pulverizacion\/#primaryimage","url":"https:\/\/afinsuministros.cl\/wp-content\/uploads\/2023\/02\/Demarcacion-termospray-.jpg","contentUrl":"https:\/\/afinsuministros.cl\/wp-content\/uploads\/2023\/02\/Demarcacion-termospray-.jpg","width":843,"height":843,"caption":"Demarcaci\u00f3n-termospray-"},{"@type":"BreadcrumbList","@id":"https:\/\/afinsuministros.cl\/producto\/demarcacion-termospray-termoplastico-por-pulverizacion\/#breadcrumb","itemListElement":[{"@type":"ListItem","position":1,"name":"Portada","item":"https:\/\/afinsuministros.cl\/"},{"@type":"ListItem","position":2,"name":"Tienda","item":"https:\/\/afinsuministros.cl\/tienda\/"},{"@type":"ListItem","position":3,"name":"Demarcaci\u00f3n horizontal vial THERMOSPRAY - Termopl\u00e1stico por pulverizaci\u00f3n"}]},{"@type":"WebSite","@id":"https:\/\/afinsuministros.cl\/#website","url":"https:\/\/afinsuministros.cl\/","name":"AFIN Suministros","description":"Lo mejor en suministros de construcci\u00f3n","publisher":{"@id":"https:\/\/afinsuministros.cl\/#organization"},"potentialAction":[{"@type":"SearchAction","target":{"@type":"EntryPoint","urlTemplate":"https:\/\/afinsuministros.cl\/?s={search_term_string}"},"query-input":{"@type":"PropertyValueSpecification","valueRequired":true,"valueName":"search_term_string"}}],"inLanguage":"en-US"},{"@type":"Organization","@id":"https:\/\/afinsuministros.cl\/#organization","name":"AFIN Suministros","url":"https:\/\/afinsuministros.cl\/","logo":{"@type":"ImageObject","inLanguage":"en-US","@id":"https:\/\/afinsuministros.cl\/#\/schema\/logo\/image\/","url":"https:\/\/afinsuministros.cl\/wp-content\/uploads\/2020\/11\/cropped-Logo-e1606193532755.png","contentUrl":"https:\/\/afinsuministros.cl\/wp-content\/uploads\/2020\/11\/cropped-Logo-e1606193532755.png","width":200,"height":64,"caption":"AFIN Suministros"},"image":{"@id":"https:\/\/afinsuministros.cl\/#\/schema\/logo\/image\/"}}]}},"_links":{"self":[{"href":"https:\/\/afinsuministros.cl\/en\/wp-json\/wp\/v2\/product\/1541"}],"collection":[{"href":"https:\/\/afinsuministros.cl\/en\/wp-json\/wp\/v2\/product"}],"about":[{"href":"https:\/\/afinsuministros.cl\/en\/wp-json\/wp\/v2\/types\/product"}],"replies":[{"embeddable":true,"href":"https:\/\/afinsuministros.cl\/en\/wp-json\/wp\/v2\/comments?post=1541"}],"wp:featuredmedia":[{"embeddable":true,"href":"https:\/\/afinsuministros.cl\/en\/wp-json\/wp\/v2\/media\/1568"}],"wp:attachment":[{"href":"https:\/\/afinsuministros.cl\/en\/wp-json\/wp\/v2\/media?parent=1541"}],"wp:term":[{"taxonomy":"product_brand","embeddable":true,"href":"https:\/\/afinsuministros.cl\/en\/wp-json\/wp\/v2\/product_brand?post=1541"},{"taxonomy":"product_cat","embeddable":true,"href":"https:\/\/afinsuministros.cl\/en\/wp-json\/wp\/v2\/product_cat?post=1541"},{"taxonomy":"product_tag","embeddable":true,"href":"https:\/\/afinsuministros.cl\/en\/wp-json\/wp\/v2\/product_tag?post=1541"}],"curies":[{"name":"wp","href":"https:\/\/api.w.org\/{rel}","templated":true}]}}