{"id":764,"date":"2021-06-03T21:01:50","date_gmt":"2021-06-03T21:01:50","guid":{"rendered":"https:\/\/afinsuministros.cl\/?post_type=product&#038;p=764"},"modified":"2024-08-26T03:55:09","modified_gmt":"2024-08-26T03:55:09","slug":"pintura-ralva","status":"publish","type":"product","link":"https:\/\/afinsuministros.cl\/en\/product\/pintura-ralva\/","title":{"rendered":"Pintura acr\u00edlica base solvente - Se\u00f1acril"},"content":{"rendered":"<ul>\n<li>Redimiento: 35 m2 - 720 gr\/m2 + Microesferas recomendadas 450 gr\/m2<\/li>\n<li>Disoluci\u00f3n: al 1% y 2% con \"DISOLVENTE R\u00c1PIDO - AA80 de RALVA<\/li>\n<li>Colores: Blanca, amarilla, roja, azul, negra<\/li>\n<li>Uso: Tambi\u00e9n utilizada para demarcaci\u00f3n acr\u00edlica de l\u00edneas, achurados, s\u00edmbolos y leyendas<\/li>\n<\/ul>\n<h1 class=\"entry-title\">Pintura Ralva Chile, especial para la demarcaci\u00f3n de caminos<\/h1>\n<p>La pintura para carreteras puede ser algo que no todos le tomen la importancia suficiente, pero tambi\u00e9n puede llegar a ser un \u201csalvavidas\u201d para algunas personas, ya que su uso es tan importante en la sociedad que nos permite poder diagramar las reglas de una convivencia c\u00edvica.<\/p>\n<p>Y ya que sabemos que es importante este factor, tambi\u00e9n es importante su durabilidad a lo largo del tiempo, y es aqu\u00ed en donde nosotros como empresa AFIN hacemos la diferencia con nuestra competencia.<\/p>\n<h2>La pintura Ralva Chile goza de un status de calidad muy potente dentro del rubro de la seguridad vial.<\/h2>\n<figure class=\"wp-block-image size-large\"><img loading=\"lazy\" decoding=\"async\" class=\"wp-image-682 lazyloaded\" src=\"https:\/\/afinsuministros.cl\/wp-content\/uploads\/2021\/01\/Demarcacion-vial-.jpg\" sizes=\"(max-width: 600px) 100vw, 600px\" srcset=\"https:\/\/afinsuministros.cl\/wp-content\/uploads\/2021\/01\/Demarcacion-vial-.jpg 600w, https:\/\/afinsuministros.cl\/wp-content\/uploads\/2021\/01\/Demarcacion-vial--300x90.jpg 300w\" alt=\"Demarcaci\u00f3n-vial-\" width=\"600\" height=\"180\" data-ll-status=\"loaded\" \/><figcaption><em><strong>Demarcaci\u00f3n-Vial<\/strong><\/em><\/figcaption><\/figure>","protected":false},"excerpt":{"rendered":"<p>Pintura acr\u00edlica base solvente especializada en demarcaci\u00f3n horizontal de carreteras y caminos. Posee secado r\u00e1pido, gran adherencia a superficies de hormig\u00f3n y bituminosas, perfecta retenci\u00f3n de blancos y gran comportamiento frente al amarilleo. Para car\u00e1cter retrorreflectante se recomienda la utilizaci\u00f3n de microesferas de vidrio ECHOSTAR 5 y ECHOSTAR 10.<\/p>\n<p><a href=\"https:\/\/afinsuministros.cl\/wp-content\/uploads\/2023\/06\/3100-Senacril-estandar_marcado-CE_20.pdf\"><strong>Ficha Acr\u00edlica Base Solvente Est\u00e1ndar - RALVA 3100<\/strong><\/a><\/p>\n<p><strong><a href=\"https:\/\/afinsuministros.cl\/wp-content\/uploads\/2023\/06\/Ficha-tecnica-3105-Senacril-blanco.pdf\">Ficha Acr\u00edlica Base Solvente Premium - RALVA 3105<\/a><\/strong><\/p>\n<p><strong><a href=\"https:\/\/afinsuministros.cl\/wp-content\/uploads\/2023\/06\/Ficha-tecnica-3400-Senacril-amarillo-sin-plomo.pdf\">Ficha Acr\u00edlica Base Solvente Amarilla - RALVA 3400<\/a><\/strong><\/p>\n<p><a href=\"https:\/\/afinsuministros.cl\/wp-content\/uploads\/2023\/06\/Ficha-tecnica-AA80-Disolvente-rapido.pdf\"><strong>Ficha Disolvente para pintura acr\u00edlicas - RALVA<\/strong><\/a><\/p>\n<p><strong>PUEDES OBTENER INFORMACI\u00d3N ESCRIBI\u00c9NDONOS AL CORREO VENTAS@AFINSUMINISTROS.CL<\/strong><\/p>","protected":false},"featured_media":765,"comment_status":"open","ping_status":"closed","template":"","meta":[],"product_brand":[],"product_cat":[30,31],"product_tag":[],"class_list":{"0":"post-764","1":"product","2":"type-product","3":"status-publish","4":"has-post-thumbnail","6":"product_cat-pintura-para-carreteras","7":"product_cat-ralva","9":"first","10":"instock","11":"downloadable","12":"shipping-taxable","13":"product-type-simple"},"yoast_head":"<!-- This site is optimized with the Yoast SEO plugin v25.6 - https:\/\/yoast.com\/wordpress\/plugins\/seo\/ -->\n<title>Pintura acr\u00edlica base solvente - Se\u00f1acril - AFIN Suministros<\/title>\n<meta name=\"robots\" content=\"index, follow, max-snippet:-1, max-image-preview:large, max-video-preview:-1\" \/>\n<link rel=\"canonical\" href=\"https:\/\/afinsuministros.cl\/en\/product\/pintura-ralva\/\" \/>\n<meta property=\"og:locale\" content=\"en_US\" \/>\n<meta property=\"og:type\" content=\"article\" \/>\n<meta property=\"og:title\" content=\"Pintura acr\u00edlica base solvente - Se\u00f1acril - AFIN Suministros\" \/>\n<meta property=\"og:description\" content=\"Pintura acr\u00edlica base solvente especializada en demarcaci\u00f3n horizontal de carreteras y caminos. Posee secado r\u00e1pido, gran adherencia a superficies de hormig\u00f3n y bituminosas, perfecta retenci\u00f3n de blancos y gran comportamiento frente al amarilleo. Para car\u00e1cter retrorreflectante se recomienda la utilizaci\u00f3n de microesferas de vidrio ECHOSTAR 5 y ECHOSTAR 10.  Ficha Acr\u00edlica Base Solvente Est\u00e1ndar - RALVA 3100  Ficha Acr\u00edlica Base Solvente Premium - RALVA 3105  Ficha Acr\u00edlica Base Solvente Amarilla - RALVA 3400  Ficha Disolvente para pintura acr\u00edlicas - RALVA  PUEDES OBTENER INFORMACI\u00d3N ESCRIBI\u00c9NDONOS AL CORREO VENTAS@AFINSUMINISTROS.CL\" \/>\n<meta property=\"og:url\" content=\"https:\/\/afinsuministros.cl\/en\/product\/pintura-ralva\/\" \/>\n<meta property=\"og:site_name\" content=\"AFIN Suministros\" \/>\n<meta property=\"article:modified_time\" content=\"2024-08-26T03:55:09+00:00\" \/>\n<meta property=\"og:image\" content=\"https:\/\/afinsuministros.cl\/wp-content\/uploads\/2021\/06\/pintura-ralva.jpg\" \/>\n\t<meta property=\"og:image:width\" content=\"700\" \/>\n\t<meta property=\"og:image:height\" content=\"709\" \/>\n\t<meta property=\"og:image:type\" content=\"image\/jpeg\" \/>\n<meta name=\"twitter:card\" content=\"summary_large_image\" \/>\n<meta name=\"twitter:label1\" content=\"Est. reading time\" \/>\n\t<meta name=\"twitter:data1\" content=\"1 minute\" \/>\n<script type=\"application\/ld+json\" class=\"yoast-schema-graph\">{\"@context\":\"https:\/\/schema.org\",\"@graph\":[{\"@type\":\"WebPage\",\"@id\":\"https:\/\/afinsuministros.cl\/producto\/pintura-ralva\/\",\"url\":\"https:\/\/afinsuministros.cl\/producto\/pintura-ralva\/\",\"name\":\"Pintura acr\u00edlica base solvente - Se\u00f1acril - AFIN Suministros\",\"isPartOf\":{\"@id\":\"https:\/\/afinsuministros.cl\/#website\"},\"primaryImageOfPage\":{\"@id\":\"https:\/\/afinsuministros.cl\/producto\/pintura-ralva\/#primaryimage\"},\"image\":{\"@id\":\"https:\/\/afinsuministros.cl\/producto\/pintura-ralva\/#primaryimage\"},\"thumbnailUrl\":\"https:\/\/afinsuministros.cl\/wp-content\/uploads\/2021\/06\/pintura-ralva.jpg\",\"datePublished\":\"2021-06-03T21:01:50+00:00\",\"dateModified\":\"2024-08-26T03:55:09+00:00\",\"breadcrumb\":{\"@id\":\"https:\/\/afinsuministros.cl\/producto\/pintura-ralva\/#breadcrumb\"},\"inLanguage\":\"en-US\",\"potentialAction\":[{\"@type\":\"ReadAction\",\"target\":[\"https:\/\/afinsuministros.cl\/producto\/pintura-ralva\/\"]}]},{\"@type\":\"ImageObject\",\"inLanguage\":\"en-US\",\"@id\":\"https:\/\/afinsuministros.cl\/producto\/pintura-ralva\/#primaryimage\",\"url\":\"https:\/\/afinsuministros.cl\/wp-content\/uploads\/2021\/06\/pintura-ralva.jpg\",\"contentUrl\":\"https:\/\/afinsuministros.cl\/wp-content\/uploads\/2021\/06\/pintura-ralva.jpg\",\"width\":700,\"height\":709},{\"@type\":\"BreadcrumbList\",\"@id\":\"https:\/\/afinsuministros.cl\/producto\/pintura-ralva\/#breadcrumb\",\"itemListElement\":[{\"@type\":\"ListItem\",\"position\":1,\"name\":\"Portada\",\"item\":\"https:\/\/afinsuministros.cl\/\"},{\"@type\":\"ListItem\",\"position\":2,\"name\":\"Tienda\",\"item\":\"https:\/\/afinsuministros.cl\/tienda\/\"},{\"@type\":\"ListItem\",\"position\":3,\"name\":\"Pintura acr\u00edlica base solvente - Se\u00f1acril\"}]},{\"@type\":\"WebSite\",\"@id\":\"https:\/\/afinsuministros.cl\/#website\",\"url\":\"https:\/\/afinsuministros.cl\/\",\"name\":\"AFIN Suministros\",\"description\":\"Lo mejor en suministros de construcci\u00f3n\",\"publisher\":{\"@id\":\"https:\/\/afinsuministros.cl\/#organization\"},\"potentialAction\":[{\"@type\":\"SearchAction\",\"target\":{\"@type\":\"EntryPoint\",\"urlTemplate\":\"https:\/\/afinsuministros.cl\/?s={search_term_string}\"},\"query-input\":{\"@type\":\"PropertyValueSpecification\",\"valueRequired\":true,\"valueName\":\"search_term_string\"}}],\"inLanguage\":\"en-US\"},{\"@type\":\"Organization\",\"@id\":\"https:\/\/afinsuministros.cl\/#organization\",\"name\":\"AFIN Suministros\",\"url\":\"https:\/\/afinsuministros.cl\/\",\"logo\":{\"@type\":\"ImageObject\",\"inLanguage\":\"en-US\",\"@id\":\"https:\/\/afinsuministros.cl\/#\/schema\/logo\/image\/\",\"url\":\"https:\/\/afinsuministros.cl\/wp-content\/uploads\/2020\/11\/cropped-Logo-e1606193532755.png\",\"contentUrl\":\"https:\/\/afinsuministros.cl\/wp-content\/uploads\/2020\/11\/cropped-Logo-e1606193532755.png\",\"width\":200,\"height\":64,\"caption\":\"AFIN Suministros\"},\"image\":{\"@id\":\"https:\/\/afinsuministros.cl\/#\/schema\/logo\/image\/\"}}]}<\/script>\n<!-- \/ Yoast SEO plugin. -->","yoast_head_json":{"title":"Pintura acr\u00edlica base solvente - Se\u00f1acril - AFIN Suministros","robots":{"index":"index","follow":"follow","max-snippet":"max-snippet:-1","max-image-preview":"max-image-preview:large","max-video-preview":"max-video-preview:-1"},"canonical":"https:\/\/afinsuministros.cl\/en\/product\/pintura-ralva\/","og_locale":"en_US","og_type":"article","og_title":"Pintura acr\u00edlica base solvente - Se\u00f1acril - AFIN Suministros","og_description":"Pintura acr\u00edlica base solvente especializada en demarcaci\u00f3n horizontal de carreteras y caminos. Posee secado r\u00e1pido, gran adherencia a superficies de hormig\u00f3n y bituminosas, perfecta retenci\u00f3n de blancos y gran comportamiento frente al amarilleo. Para car\u00e1cter retrorreflectante se recomienda la utilizaci\u00f3n de microesferas de vidrio ECHOSTAR 5 y ECHOSTAR 10.  Ficha Acr\u00edlica Base Solvente Est\u00e1ndar - RALVA 3100  Ficha Acr\u00edlica Base Solvente Premium - RALVA 3105  Ficha Acr\u00edlica Base Solvente Amarilla - RALVA 3400  Ficha Disolvente para pintura acr\u00edlicas - RALVA  PUEDES OBTENER INFORMACI\u00d3N ESCRIBI\u00c9NDONOS AL CORREO VENTAS@AFINSUMINISTROS.CL","og_url":"https:\/\/afinsuministros.cl\/en\/product\/pintura-ralva\/","og_site_name":"AFIN Suministros","article_modified_time":"2024-08-26T03:55:09+00:00","og_image":[{"width":700,"height":709,"url":"https:\/\/afinsuministros.cl\/wp-content\/uploads\/2021\/06\/pintura-ralva.jpg","type":"image\/jpeg"}],"twitter_card":"summary_large_image","twitter_misc":{"Est. reading time":"1 minute"},"schema":{"@context":"https:\/\/schema.org","@graph":[{"@type":"WebPage","@id":"https:\/\/afinsuministros.cl\/producto\/pintura-ralva\/","url":"https:\/\/afinsuministros.cl\/producto\/pintura-ralva\/","name":"Pintura acr\u00edlica base solvente - Se\u00f1acril - AFIN Suministros","isPartOf":{"@id":"https:\/\/afinsuministros.cl\/#website"},"primaryImageOfPage":{"@id":"https:\/\/afinsuministros.cl\/producto\/pintura-ralva\/#primaryimage"},"image":{"@id":"https:\/\/afinsuministros.cl\/producto\/pintura-ralva\/#primaryimage"},"thumbnailUrl":"https:\/\/afinsuministros.cl\/wp-content\/uploads\/2021\/06\/pintura-ralva.jpg","datePublished":"2021-06-03T21:01:50+00:00","dateModified":"2024-08-26T03:55:09+00:00","breadcrumb":{"@id":"https:\/\/afinsuministros.cl\/producto\/pintura-ralva\/#breadcrumb"},"inLanguage":"en-US","potentialAction":[{"@type":"ReadAction","target":["https:\/\/afinsuministros.cl\/producto\/pintura-ralva\/"]}]},{"@type":"ImageObject","inLanguage":"en-US","@id":"https:\/\/afinsuministros.cl\/producto\/pintura-ralva\/#primaryimage","url":"https:\/\/afinsuministros.cl\/wp-content\/uploads\/2021\/06\/pintura-ralva.jpg","contentUrl":"https:\/\/afinsuministros.cl\/wp-content\/uploads\/2021\/06\/pintura-ralva.jpg","width":700,"height":709},{"@type":"BreadcrumbList","@id":"https:\/\/afinsuministros.cl\/producto\/pintura-ralva\/#breadcrumb","itemListElement":[{"@type":"ListItem","position":1,"name":"Portada","item":"https:\/\/afinsuministros.cl\/"},{"@type":"ListItem","position":2,"name":"Tienda","item":"https:\/\/afinsuministros.cl\/tienda\/"},{"@type":"ListItem","position":3,"name":"Pintura acr\u00edlica base solvente - Se\u00f1acril"}]},{"@type":"WebSite","@id":"https:\/\/afinsuministros.cl\/#website","url":"https:\/\/afinsuministros.cl\/","name":"AFIN Suministros","description":"Lo mejor en suministros de construcci\u00f3n","publisher":{"@id":"https:\/\/afinsuministros.cl\/#organization"},"potentialAction":[{"@type":"SearchAction","target":{"@type":"EntryPoint","urlTemplate":"https:\/\/afinsuministros.cl\/?s={search_term_string}"},"query-input":{"@type":"PropertyValueSpecification","valueRequired":true,"valueName":"search_term_string"}}],"inLanguage":"en-US"},{"@type":"Organization","@id":"https:\/\/afinsuministros.cl\/#organization","name":"AFIN Suministros","url":"https:\/\/afinsuministros.cl\/","logo":{"@type":"ImageObject","inLanguage":"en-US","@id":"https:\/\/afinsuministros.cl\/#\/schema\/logo\/image\/","url":"https:\/\/afinsuministros.cl\/wp-content\/uploads\/2020\/11\/cropped-Logo-e1606193532755.png","contentUrl":"https:\/\/afinsuministros.cl\/wp-content\/uploads\/2020\/11\/cropped-Logo-e1606193532755.png","width":200,"height":64,"caption":"AFIN Suministros"},"image":{"@id":"https:\/\/afinsuministros.cl\/#\/schema\/logo\/image\/"}}]}},"_links":{"self":[{"href":"https:\/\/afinsuministros.cl\/en\/wp-json\/wp\/v2\/product\/764"}],"collection":[{"href":"https:\/\/afinsuministros.cl\/en\/wp-json\/wp\/v2\/product"}],"about":[{"href":"https:\/\/afinsuministros.cl\/en\/wp-json\/wp\/v2\/types\/product"}],"replies":[{"embeddable":true,"href":"https:\/\/afinsuministros.cl\/en\/wp-json\/wp\/v2\/comments?post=764"}],"wp:featuredmedia":[{"embeddable":true,"href":"https:\/\/afinsuministros.cl\/en\/wp-json\/wp\/v2\/media\/765"}],"wp:attachment":[{"href":"https:\/\/afinsuministros.cl\/en\/wp-json\/wp\/v2\/media?parent=764"}],"wp:term":[{"taxonomy":"product_brand","embeddable":true,"href":"https:\/\/afinsuministros.cl\/en\/wp-json\/wp\/v2\/product_brand?post=764"},{"taxonomy":"product_cat","embeddable":true,"href":"https:\/\/afinsuministros.cl\/en\/wp-json\/wp\/v2\/product_cat?post=764"},{"taxonomy":"product_tag","embeddable":true,"href":"https:\/\/afinsuministros.cl\/en\/wp-json\/wp\/v2\/product_tag?post=764"}],"curies":[{"name":"wp","href":"https:\/\/api.w.org\/{rel}","templated":true}]}}