{"id":861,"date":"2021-07-02T18:10:40","date_gmt":"2021-07-02T18:10:40","guid":{"rendered":"https:\/\/afinsuministros.cl\/?post_type=product&#038;p=861"},"modified":"2023-06-30T16:17:39","modified_gmt":"2023-06-30T16:17:39","slug":"pintura-citycrul","status":"publish","type":"product","link":"https:\/\/afinsuministros.cl\/en\/product\/pintura-citycrul\/","title":{"rendered":"Pintura acr\u00edlica base solvente - Citycril"},"content":{"rendered":"<ul>\n<li>Rendimiento:\u00a0 35m2 - 720 gr\/m2<\/li>\n<li>Microesfera recomendadas 480 gr\/m2<\/li>\n<li>Suministro en base de 25 kg neto - pallet de 966 kg neto<\/li>\n<\/ul>","protected":false},"excerpt":{"rendered":"<p>Citycril. Pintura acr\u00edlica base solvente azul, especialmente utilizada para demarcaci\u00f3n de ciclov\u00edas, \u00e1reas de parqu\u00edmetro, \u00e1rea minusv\u00e1lidos. Alta resistencia al desgaste acompa\u00f1ada de un secado r\u00e1pido, est\u00e1 tambi\u00e9n puede estar acompa\u00f1ada de sembrado de microesferas para obtener un car\u00e1cter retrorreflectante. Recomendaci\u00f3n (Microesferas ECHOSTAR 5).<\/p>\n<p><strong><a href=\"https:\/\/afinsuministros.cl\/wp-content\/uploads\/2023\/06\/Ficha-tecnica-3115-Citycril-blanco.pdf\">SEE DATA SHEET<\/a><\/strong><\/p>\n<p><strong>PUEDES OBTENER INFORMACI\u00d3N ESCRIBI\u00c9NDONOS AL CORREO VENTAS@AFINSUMINISTROS.CL<\/strong><\/p>","protected":false},"featured_media":862,"comment_status":"open","ping_status":"closed","template":"","meta":[],"product_brand":[],"product_cat":[30,31],"product_tag":[33],"class_list":{"0":"post-861","1":"product","2":"type-product","3":"status-publish","4":"has-post-thumbnail","6":"product_cat-pintura-para-carreteras","7":"product_cat-ralva","8":"product_tag-ralva","10":"first","11":"instock","12":"shipping-taxable","13":"product-type-simple"},"yoast_head":"<!-- This site is optimized with the Yoast SEO plugin v25.6 - https:\/\/yoast.com\/wordpress\/plugins\/seo\/ -->\n<title>Pintura acr\u00edlica base solvente - Citycril - AFIN Suministros<\/title>\n<meta name=\"robots\" content=\"index, follow, max-snippet:-1, max-image-preview:large, max-video-preview:-1\" \/>\n<link rel=\"canonical\" href=\"https:\/\/afinsuministros.cl\/en\/product\/pintura-citycrul\/\" \/>\n<meta property=\"og:locale\" content=\"en_US\" \/>\n<meta property=\"og:type\" content=\"article\" \/>\n<meta property=\"og:title\" content=\"Pintura acr\u00edlica base solvente - Citycril - AFIN Suministros\" \/>\n<meta property=\"og:description\" content=\"Citycril. Pintura acr\u00edlica base solvente azul, especialmente utilizada para demarcaci\u00f3n de ciclov\u00edas, \u00e1reas de parqu\u00edmetro, \u00e1rea minusv\u00e1lidos. Alta resistencia al desgaste acompa\u00f1ada de un secado r\u00e1pido, est\u00e1 tambi\u00e9n puede estar acompa\u00f1ada de sembrado de microesferas para obtener un car\u00e1cter retrorreflectante. Recomendaci\u00f3n (Microesferas ECHOSTAR 5).  VER FICHA T\u00c9CNICA  PUEDES OBTENER INFORMACI\u00d3N ESCRIBI\u00c9NDONOS AL CORREO VENTAS@AFINSUMINISTROS.CL\" \/>\n<meta property=\"og:url\" content=\"https:\/\/afinsuministros.cl\/en\/product\/pintura-citycrul\/\" \/>\n<meta property=\"og:site_name\" content=\"AFIN Suministros\" \/>\n<meta property=\"article:modified_time\" content=\"2023-06-30T16:17:39+00:00\" \/>\n<meta property=\"og:image\" content=\"https:\/\/afinsuministros.cl\/wp-content\/uploads\/2021\/07\/CITYCRIL.jpg\" \/>\n\t<meta property=\"og:image:width\" content=\"631\" \/>\n\t<meta property=\"og:image:height\" content=\"700\" \/>\n\t<meta property=\"og:image:type\" content=\"image\/jpeg\" \/>\n<meta name=\"twitter:card\" content=\"summary_large_image\" \/>\n<meta name=\"twitter:label1\" content=\"Est. reading time\" \/>\n\t<meta name=\"twitter:data1\" content=\"1 minute\" \/>\n<script type=\"application\/ld+json\" class=\"yoast-schema-graph\">{\"@context\":\"https:\/\/schema.org\",\"@graph\":[{\"@type\":\"WebPage\",\"@id\":\"https:\/\/afinsuministros.cl\/producto\/pintura-citycrul\/\",\"url\":\"https:\/\/afinsuministros.cl\/producto\/pintura-citycrul\/\",\"name\":\"Pintura acr\u00edlica base solvente - Citycril - AFIN Suministros\",\"isPartOf\":{\"@id\":\"https:\/\/afinsuministros.cl\/#website\"},\"primaryImageOfPage\":{\"@id\":\"https:\/\/afinsuministros.cl\/producto\/pintura-citycrul\/#primaryimage\"},\"image\":{\"@id\":\"https:\/\/afinsuministros.cl\/producto\/pintura-citycrul\/#primaryimage\"},\"thumbnailUrl\":\"https:\/\/afinsuministros.cl\/wp-content\/uploads\/2021\/07\/CITYCRIL.jpg\",\"datePublished\":\"2021-07-02T18:10:40+00:00\",\"dateModified\":\"2023-06-30T16:17:39+00:00\",\"breadcrumb\":{\"@id\":\"https:\/\/afinsuministros.cl\/producto\/pintura-citycrul\/#breadcrumb\"},\"inLanguage\":\"en-US\",\"potentialAction\":[{\"@type\":\"ReadAction\",\"target\":[\"https:\/\/afinsuministros.cl\/producto\/pintura-citycrul\/\"]}]},{\"@type\":\"ImageObject\",\"inLanguage\":\"en-US\",\"@id\":\"https:\/\/afinsuministros.cl\/producto\/pintura-citycrul\/#primaryimage\",\"url\":\"https:\/\/afinsuministros.cl\/wp-content\/uploads\/2021\/07\/CITYCRIL.jpg\",\"contentUrl\":\"https:\/\/afinsuministros.cl\/wp-content\/uploads\/2021\/07\/CITYCRIL.jpg\",\"width\":631,\"height\":700},{\"@type\":\"BreadcrumbList\",\"@id\":\"https:\/\/afinsuministros.cl\/producto\/pintura-citycrul\/#breadcrumb\",\"itemListElement\":[{\"@type\":\"ListItem\",\"position\":1,\"name\":\"Portada\",\"item\":\"https:\/\/afinsuministros.cl\/\"},{\"@type\":\"ListItem\",\"position\":2,\"name\":\"Tienda\",\"item\":\"https:\/\/afinsuministros.cl\/tienda\/\"},{\"@type\":\"ListItem\",\"position\":3,\"name\":\"Pintura acr\u00edlica base solvente - Citycril\"}]},{\"@type\":\"WebSite\",\"@id\":\"https:\/\/afinsuministros.cl\/#website\",\"url\":\"https:\/\/afinsuministros.cl\/\",\"name\":\"AFIN Suministros\",\"description\":\"Lo mejor en suministros de construcci\u00f3n\",\"publisher\":{\"@id\":\"https:\/\/afinsuministros.cl\/#organization\"},\"potentialAction\":[{\"@type\":\"SearchAction\",\"target\":{\"@type\":\"EntryPoint\",\"urlTemplate\":\"https:\/\/afinsuministros.cl\/?s={search_term_string}\"},\"query-input\":{\"@type\":\"PropertyValueSpecification\",\"valueRequired\":true,\"valueName\":\"search_term_string\"}}],\"inLanguage\":\"en-US\"},{\"@type\":\"Organization\",\"@id\":\"https:\/\/afinsuministros.cl\/#organization\",\"name\":\"AFIN Suministros\",\"url\":\"https:\/\/afinsuministros.cl\/\",\"logo\":{\"@type\":\"ImageObject\",\"inLanguage\":\"en-US\",\"@id\":\"https:\/\/afinsuministros.cl\/#\/schema\/logo\/image\/\",\"url\":\"https:\/\/afinsuministros.cl\/wp-content\/uploads\/2020\/11\/cropped-Logo-e1606193532755.png\",\"contentUrl\":\"https:\/\/afinsuministros.cl\/wp-content\/uploads\/2020\/11\/cropped-Logo-e1606193532755.png\",\"width\":200,\"height\":64,\"caption\":\"AFIN Suministros\"},\"image\":{\"@id\":\"https:\/\/afinsuministros.cl\/#\/schema\/logo\/image\/\"}}]}<\/script>\n<!-- \/ Yoast SEO plugin. -->","yoast_head_json":{"title":"Pintura acr\u00edlica base solvente - Citycril - AFIN Suministros","robots":{"index":"index","follow":"follow","max-snippet":"max-snippet:-1","max-image-preview":"max-image-preview:large","max-video-preview":"max-video-preview:-1"},"canonical":"https:\/\/afinsuministros.cl\/en\/product\/pintura-citycrul\/","og_locale":"en_US","og_type":"article","og_title":"Pintura acr\u00edlica base solvente - Citycril - AFIN Suministros","og_description":"Citycril. Pintura acr\u00edlica base solvente azul, especialmente utilizada para demarcaci\u00f3n de ciclov\u00edas, \u00e1reas de parqu\u00edmetro, \u00e1rea minusv\u00e1lidos. Alta resistencia al desgaste acompa\u00f1ada de un secado r\u00e1pido, est\u00e1 tambi\u00e9n puede estar acompa\u00f1ada de sembrado de microesferas para obtener un car\u00e1cter retrorreflectante. Recomendaci\u00f3n (Microesferas ECHOSTAR 5).  VER FICHA T\u00c9CNICA  PUEDES OBTENER INFORMACI\u00d3N ESCRIBI\u00c9NDONOS AL CORREO VENTAS@AFINSUMINISTROS.CL","og_url":"https:\/\/afinsuministros.cl\/en\/product\/pintura-citycrul\/","og_site_name":"AFIN Suministros","article_modified_time":"2023-06-30T16:17:39+00:00","og_image":[{"width":631,"height":700,"url":"https:\/\/afinsuministros.cl\/wp-content\/uploads\/2021\/07\/CITYCRIL.jpg","type":"image\/jpeg"}],"twitter_card":"summary_large_image","twitter_misc":{"Est. reading time":"1 minute"},"schema":{"@context":"https:\/\/schema.org","@graph":[{"@type":"WebPage","@id":"https:\/\/afinsuministros.cl\/producto\/pintura-citycrul\/","url":"https:\/\/afinsuministros.cl\/producto\/pintura-citycrul\/","name":"Pintura acr\u00edlica base solvente - Citycril - AFIN Suministros","isPartOf":{"@id":"https:\/\/afinsuministros.cl\/#website"},"primaryImageOfPage":{"@id":"https:\/\/afinsuministros.cl\/producto\/pintura-citycrul\/#primaryimage"},"image":{"@id":"https:\/\/afinsuministros.cl\/producto\/pintura-citycrul\/#primaryimage"},"thumbnailUrl":"https:\/\/afinsuministros.cl\/wp-content\/uploads\/2021\/07\/CITYCRIL.jpg","datePublished":"2021-07-02T18:10:40+00:00","dateModified":"2023-06-30T16:17:39+00:00","breadcrumb":{"@id":"https:\/\/afinsuministros.cl\/producto\/pintura-citycrul\/#breadcrumb"},"inLanguage":"en-US","potentialAction":[{"@type":"ReadAction","target":["https:\/\/afinsuministros.cl\/producto\/pintura-citycrul\/"]}]},{"@type":"ImageObject","inLanguage":"en-US","@id":"https:\/\/afinsuministros.cl\/producto\/pintura-citycrul\/#primaryimage","url":"https:\/\/afinsuministros.cl\/wp-content\/uploads\/2021\/07\/CITYCRIL.jpg","contentUrl":"https:\/\/afinsuministros.cl\/wp-content\/uploads\/2021\/07\/CITYCRIL.jpg","width":631,"height":700},{"@type":"BreadcrumbList","@id":"https:\/\/afinsuministros.cl\/producto\/pintura-citycrul\/#breadcrumb","itemListElement":[{"@type":"ListItem","position":1,"name":"Portada","item":"https:\/\/afinsuministros.cl\/"},{"@type":"ListItem","position":2,"name":"Tienda","item":"https:\/\/afinsuministros.cl\/tienda\/"},{"@type":"ListItem","position":3,"name":"Pintura acr\u00edlica base solvente - Citycril"}]},{"@type":"WebSite","@id":"https:\/\/afinsuministros.cl\/#website","url":"https:\/\/afinsuministros.cl\/","name":"AFIN Suministros","description":"Lo mejor en suministros de construcci\u00f3n","publisher":{"@id":"https:\/\/afinsuministros.cl\/#organization"},"potentialAction":[{"@type":"SearchAction","target":{"@type":"EntryPoint","urlTemplate":"https:\/\/afinsuministros.cl\/?s={search_term_string}"},"query-input":{"@type":"PropertyValueSpecification","valueRequired":true,"valueName":"search_term_string"}}],"inLanguage":"en-US"},{"@type":"Organization","@id":"https:\/\/afinsuministros.cl\/#organization","name":"AFIN Suministros","url":"https:\/\/afinsuministros.cl\/","logo":{"@type":"ImageObject","inLanguage":"en-US","@id":"https:\/\/afinsuministros.cl\/#\/schema\/logo\/image\/","url":"https:\/\/afinsuministros.cl\/wp-content\/uploads\/2020\/11\/cropped-Logo-e1606193532755.png","contentUrl":"https:\/\/afinsuministros.cl\/wp-content\/uploads\/2020\/11\/cropped-Logo-e1606193532755.png","width":200,"height":64,"caption":"AFIN Suministros"},"image":{"@id":"https:\/\/afinsuministros.cl\/#\/schema\/logo\/image\/"}}]}},"_links":{"self":[{"href":"https:\/\/afinsuministros.cl\/en\/wp-json\/wp\/v2\/product\/861"}],"collection":[{"href":"https:\/\/afinsuministros.cl\/en\/wp-json\/wp\/v2\/product"}],"about":[{"href":"https:\/\/afinsuministros.cl\/en\/wp-json\/wp\/v2\/types\/product"}],"replies":[{"embeddable":true,"href":"https:\/\/afinsuministros.cl\/en\/wp-json\/wp\/v2\/comments?post=861"}],"wp:featuredmedia":[{"embeddable":true,"href":"https:\/\/afinsuministros.cl\/en\/wp-json\/wp\/v2\/media\/862"}],"wp:attachment":[{"href":"https:\/\/afinsuministros.cl\/en\/wp-json\/wp\/v2\/media?parent=861"}],"wp:term":[{"taxonomy":"product_brand","embeddable":true,"href":"https:\/\/afinsuministros.cl\/en\/wp-json\/wp\/v2\/product_brand?post=861"},{"taxonomy":"product_cat","embeddable":true,"href":"https:\/\/afinsuministros.cl\/en\/wp-json\/wp\/v2\/product_cat?post=861"},{"taxonomy":"product_tag","embeddable":true,"href":"https:\/\/afinsuministros.cl\/en\/wp-json\/wp\/v2\/product_tag?post=861"}],"curies":[{"name":"wp","href":"https:\/\/api.w.org\/{rel}","templated":true}]}}