{"id":863,"date":"2021-07-02T18:12:24","date_gmt":"2021-07-02T18:12:24","guid":{"rendered":"https:\/\/afinsuministros.cl\/?post_type=product&#038;p=863"},"modified":"2024-08-09T10:27:14","modified_gmt":"2024-08-09T10:27:14","slug":"pintura-doscril-senalizacion","status":"publish","type":"product","link":"https:\/\/afinsuministros.cl\/en\/product\/pintura-doscril-senalizacion\/","title":{"rendered":"Pintura pl\u00e1stico en fr\u00edo dos componentes - Doscril"},"content":{"rendered":"<ul>\n<li>Rendimiento: 2-3 kg\/m2<\/li>\n<li>Suministro: Envases de 15kg + catalizador de per\u00f3xido de 250 gr<\/li>\n<li>Limpieza: Disolvente NITRO LIMPIEZA - IN81 - Ralva<\/li>\n<\/ul>","protected":false},"excerpt":{"rendered":"<p>Pintura pl\u00e1stico en fr\u00edo dos componente de aplicaci\u00f3n manual con llana, esp\u00e1tula o zapat\u00f3n. Utilizada principalmente en demarcaci\u00f3n de l\u00edneas, s\u00edmbolos, achurados y leyendas. Gran resistencia a la abrasi\u00f3n y a la retenci\u00f3n de microesferas y color blanco. Adem\u00e1s su gran adherencia a los sustratos de hormig\u00f3n y bituminosos le permite una larga durabilidad a lo largo de los a\u00f1os manteniendo su car\u00e1cter rugoso y antideslizante de SRT &gt; 65.<\/p>\n<p><a href=\"https:\/\/afinsuministros.cl\/wp-content\/uploads\/2023\/06\/Ficha-tecnica-5115-Doscril-blanco-especial.pdf\"><strong>Ver ficha Pl\u00e1stico en fr\u00edo manual<\/strong><\/a><\/p>\n<p><a href=\"https:\/\/afinsuministros.cl\/wp-content\/uploads\/2023\/06\/Ficha-tecnica-IH80-Disolvente-super-rapido.pdf\"><strong>Ver ficha Disolvente de Limpieza<\/strong><\/a><\/p>\n<p><strong>PUEDES OBTENER INFORMACI\u00d3N ESCRIBI\u00c9NDONOS AL CORREO VENTAS@AFINSUMINISTROS.CL<\/strong><\/p>","protected":false},"featured_media":864,"comment_status":"open","ping_status":"closed","template":"","meta":[],"product_brand":[],"product_cat":[30,31],"product_tag":[33],"class_list":{"0":"post-863","1":"product","2":"type-product","3":"status-publish","4":"has-post-thumbnail","6":"product_cat-pintura-para-carreteras","7":"product_cat-ralva","8":"product_tag-ralva","10":"first","11":"instock","12":"shipping-taxable","13":"product-type-simple"},"yoast_head":"<!-- This site is optimized with the Yoast SEO plugin v25.6 - https:\/\/yoast.com\/wordpress\/plugins\/seo\/ -->\n<title>Pintura pl\u00e1stico en fr\u00edo dos componentes - Doscril - AFIN Suministros<\/title>\n<meta name=\"robots\" content=\"index, follow, max-snippet:-1, max-image-preview:large, max-video-preview:-1\" \/>\n<link rel=\"canonical\" href=\"https:\/\/afinsuministros.cl\/en\/product\/pintura-doscril-senalizacion\/\" \/>\n<meta property=\"og:locale\" content=\"en_US\" \/>\n<meta property=\"og:type\" content=\"article\" \/>\n<meta property=\"og:title\" content=\"Pintura pl\u00e1stico en fr\u00edo dos componentes - Doscril - AFIN Suministros\" \/>\n<meta property=\"og:description\" content=\"Pintura pl\u00e1stico en fr\u00edo dos componente de aplicaci\u00f3n manual con llana, esp\u00e1tula o zapat\u00f3n. Utilizada principalmente en demarcaci\u00f3n de l\u00edneas, s\u00edmbolos, achurados y leyendas. Gran resistencia a la abrasi\u00f3n y a la retenci\u00f3n de microesferas y color blanco. Adem\u00e1s su gran adherencia a los sustratos de hormig\u00f3n y bituminosos le permite una larga durabilidad a lo largo de los a\u00f1os manteniendo su car\u00e1cter rugoso y antideslizante de SRT &gt; 65.  Ver ficha Pl\u00e1stico en fr\u00edo manual  Ver ficha Disolvente de Limpieza  PUEDES OBTENER INFORMACI\u00d3N ESCRIBI\u00c9NDONOS AL CORREO VENTAS@AFINSUMINISTROS.CL\" \/>\n<meta property=\"og:url\" content=\"https:\/\/afinsuministros.cl\/en\/product\/pintura-doscril-senalizacion\/\" \/>\n<meta property=\"og:site_name\" content=\"AFIN Suministros\" \/>\n<meta property=\"article:modified_time\" content=\"2024-08-09T10:27:14+00:00\" \/>\n<meta property=\"og:image\" content=\"https:\/\/afinsuministros.cl\/wp-content\/uploads\/2021\/07\/DOSCRIL.jpg\" \/>\n\t<meta property=\"og:image:width\" content=\"631\" \/>\n\t<meta property=\"og:image:height\" content=\"700\" \/>\n\t<meta property=\"og:image:type\" content=\"image\/jpeg\" \/>\n<meta name=\"twitter:card\" content=\"summary_large_image\" \/>\n<meta name=\"twitter:label1\" content=\"Est. reading time\" \/>\n\t<meta name=\"twitter:data1\" content=\"1 minute\" \/>\n<script type=\"application\/ld+json\" class=\"yoast-schema-graph\">{\"@context\":\"https:\/\/schema.org\",\"@graph\":[{\"@type\":\"WebPage\",\"@id\":\"https:\/\/afinsuministros.cl\/producto\/pintura-doscril-senalizacion\/\",\"url\":\"https:\/\/afinsuministros.cl\/producto\/pintura-doscril-senalizacion\/\",\"name\":\"Pintura pl\u00e1stico en fr\u00edo dos componentes - Doscril - AFIN Suministros\",\"isPartOf\":{\"@id\":\"https:\/\/afinsuministros.cl\/#website\"},\"primaryImageOfPage\":{\"@id\":\"https:\/\/afinsuministros.cl\/producto\/pintura-doscril-senalizacion\/#primaryimage\"},\"image\":{\"@id\":\"https:\/\/afinsuministros.cl\/producto\/pintura-doscril-senalizacion\/#primaryimage\"},\"thumbnailUrl\":\"https:\/\/afinsuministros.cl\/wp-content\/uploads\/2021\/07\/DOSCRIL.jpg\",\"datePublished\":\"2021-07-02T18:12:24+00:00\",\"dateModified\":\"2024-08-09T10:27:14+00:00\",\"breadcrumb\":{\"@id\":\"https:\/\/afinsuministros.cl\/producto\/pintura-doscril-senalizacion\/#breadcrumb\"},\"inLanguage\":\"en-US\",\"potentialAction\":[{\"@type\":\"ReadAction\",\"target\":[\"https:\/\/afinsuministros.cl\/producto\/pintura-doscril-senalizacion\/\"]}]},{\"@type\":\"ImageObject\",\"inLanguage\":\"en-US\",\"@id\":\"https:\/\/afinsuministros.cl\/producto\/pintura-doscril-senalizacion\/#primaryimage\",\"url\":\"https:\/\/afinsuministros.cl\/wp-content\/uploads\/2021\/07\/DOSCRIL.jpg\",\"contentUrl\":\"https:\/\/afinsuministros.cl\/wp-content\/uploads\/2021\/07\/DOSCRIL.jpg\",\"width\":631,\"height\":700},{\"@type\":\"BreadcrumbList\",\"@id\":\"https:\/\/afinsuministros.cl\/producto\/pintura-doscril-senalizacion\/#breadcrumb\",\"itemListElement\":[{\"@type\":\"ListItem\",\"position\":1,\"name\":\"Portada\",\"item\":\"https:\/\/afinsuministros.cl\/\"},{\"@type\":\"ListItem\",\"position\":2,\"name\":\"Tienda\",\"item\":\"https:\/\/afinsuministros.cl\/tienda\/\"},{\"@type\":\"ListItem\",\"position\":3,\"name\":\"Pintura pl\u00e1stico en fr\u00edo dos componentes - Doscril\"}]},{\"@type\":\"WebSite\",\"@id\":\"https:\/\/afinsuministros.cl\/#website\",\"url\":\"https:\/\/afinsuministros.cl\/\",\"name\":\"AFIN Suministros\",\"description\":\"Lo mejor en suministros de construcci\u00f3n\",\"publisher\":{\"@id\":\"https:\/\/afinsuministros.cl\/#organization\"},\"potentialAction\":[{\"@type\":\"SearchAction\",\"target\":{\"@type\":\"EntryPoint\",\"urlTemplate\":\"https:\/\/afinsuministros.cl\/?s={search_term_string}\"},\"query-input\":{\"@type\":\"PropertyValueSpecification\",\"valueRequired\":true,\"valueName\":\"search_term_string\"}}],\"inLanguage\":\"en-US\"},{\"@type\":\"Organization\",\"@id\":\"https:\/\/afinsuministros.cl\/#organization\",\"name\":\"AFIN Suministros\",\"url\":\"https:\/\/afinsuministros.cl\/\",\"logo\":{\"@type\":\"ImageObject\",\"inLanguage\":\"en-US\",\"@id\":\"https:\/\/afinsuministros.cl\/#\/schema\/logo\/image\/\",\"url\":\"https:\/\/afinsuministros.cl\/wp-content\/uploads\/2020\/11\/cropped-Logo-e1606193532755.png\",\"contentUrl\":\"https:\/\/afinsuministros.cl\/wp-content\/uploads\/2020\/11\/cropped-Logo-e1606193532755.png\",\"width\":200,\"height\":64,\"caption\":\"AFIN Suministros\"},\"image\":{\"@id\":\"https:\/\/afinsuministros.cl\/#\/schema\/logo\/image\/\"}}]}<\/script>\n<!-- \/ Yoast SEO plugin. -->","yoast_head_json":{"title":"Pintura pl\u00e1stico en fr\u00edo dos componentes - Doscril - AFIN Suministros","robots":{"index":"index","follow":"follow","max-snippet":"max-snippet:-1","max-image-preview":"max-image-preview:large","max-video-preview":"max-video-preview:-1"},"canonical":"https:\/\/afinsuministros.cl\/en\/product\/pintura-doscril-senalizacion\/","og_locale":"en_US","og_type":"article","og_title":"Pintura pl\u00e1stico en fr\u00edo dos componentes - Doscril - AFIN Suministros","og_description":"Pintura pl\u00e1stico en fr\u00edo dos componente de aplicaci\u00f3n manual con llana, esp\u00e1tula o zapat\u00f3n. Utilizada principalmente en demarcaci\u00f3n de l\u00edneas, s\u00edmbolos, achurados y leyendas. Gran resistencia a la abrasi\u00f3n y a la retenci\u00f3n de microesferas y color blanco. Adem\u00e1s su gran adherencia a los sustratos de hormig\u00f3n y bituminosos le permite una larga durabilidad a lo largo de los a\u00f1os manteniendo su car\u00e1cter rugoso y antideslizante de SRT &gt; 65.  Ver ficha Pl\u00e1stico en fr\u00edo manual  Ver ficha Disolvente de Limpieza  PUEDES OBTENER INFORMACI\u00d3N ESCRIBI\u00c9NDONOS AL CORREO VENTAS@AFINSUMINISTROS.CL","og_url":"https:\/\/afinsuministros.cl\/en\/product\/pintura-doscril-senalizacion\/","og_site_name":"AFIN Suministros","article_modified_time":"2024-08-09T10:27:14+00:00","og_image":[{"width":631,"height":700,"url":"https:\/\/afinsuministros.cl\/wp-content\/uploads\/2021\/07\/DOSCRIL.jpg","type":"image\/jpeg"}],"twitter_card":"summary_large_image","twitter_misc":{"Est. reading time":"1 minute"},"schema":{"@context":"https:\/\/schema.org","@graph":[{"@type":"WebPage","@id":"https:\/\/afinsuministros.cl\/producto\/pintura-doscril-senalizacion\/","url":"https:\/\/afinsuministros.cl\/producto\/pintura-doscril-senalizacion\/","name":"Pintura pl\u00e1stico en fr\u00edo dos componentes - Doscril - AFIN Suministros","isPartOf":{"@id":"https:\/\/afinsuministros.cl\/#website"},"primaryImageOfPage":{"@id":"https:\/\/afinsuministros.cl\/producto\/pintura-doscril-senalizacion\/#primaryimage"},"image":{"@id":"https:\/\/afinsuministros.cl\/producto\/pintura-doscril-senalizacion\/#primaryimage"},"thumbnailUrl":"https:\/\/afinsuministros.cl\/wp-content\/uploads\/2021\/07\/DOSCRIL.jpg","datePublished":"2021-07-02T18:12:24+00:00","dateModified":"2024-08-09T10:27:14+00:00","breadcrumb":{"@id":"https:\/\/afinsuministros.cl\/producto\/pintura-doscril-senalizacion\/#breadcrumb"},"inLanguage":"en-US","potentialAction":[{"@type":"ReadAction","target":["https:\/\/afinsuministros.cl\/producto\/pintura-doscril-senalizacion\/"]}]},{"@type":"ImageObject","inLanguage":"en-US","@id":"https:\/\/afinsuministros.cl\/producto\/pintura-doscril-senalizacion\/#primaryimage","url":"https:\/\/afinsuministros.cl\/wp-content\/uploads\/2021\/07\/DOSCRIL.jpg","contentUrl":"https:\/\/afinsuministros.cl\/wp-content\/uploads\/2021\/07\/DOSCRIL.jpg","width":631,"height":700},{"@type":"BreadcrumbList","@id":"https:\/\/afinsuministros.cl\/producto\/pintura-doscril-senalizacion\/#breadcrumb","itemListElement":[{"@type":"ListItem","position":1,"name":"Portada","item":"https:\/\/afinsuministros.cl\/"},{"@type":"ListItem","position":2,"name":"Tienda","item":"https:\/\/afinsuministros.cl\/tienda\/"},{"@type":"ListItem","position":3,"name":"Pintura pl\u00e1stico en fr\u00edo dos componentes - Doscril"}]},{"@type":"WebSite","@id":"https:\/\/afinsuministros.cl\/#website","url":"https:\/\/afinsuministros.cl\/","name":"AFIN Suministros","description":"Lo mejor en suministros de construcci\u00f3n","publisher":{"@id":"https:\/\/afinsuministros.cl\/#organization"},"potentialAction":[{"@type":"SearchAction","target":{"@type":"EntryPoint","urlTemplate":"https:\/\/afinsuministros.cl\/?s={search_term_string}"},"query-input":{"@type":"PropertyValueSpecification","valueRequired":true,"valueName":"search_term_string"}}],"inLanguage":"en-US"},{"@type":"Organization","@id":"https:\/\/afinsuministros.cl\/#organization","name":"AFIN Suministros","url":"https:\/\/afinsuministros.cl\/","logo":{"@type":"ImageObject","inLanguage":"en-US","@id":"https:\/\/afinsuministros.cl\/#\/schema\/logo\/image\/","url":"https:\/\/afinsuministros.cl\/wp-content\/uploads\/2020\/11\/cropped-Logo-e1606193532755.png","contentUrl":"https:\/\/afinsuministros.cl\/wp-content\/uploads\/2020\/11\/cropped-Logo-e1606193532755.png","width":200,"height":64,"caption":"AFIN Suministros"},"image":{"@id":"https:\/\/afinsuministros.cl\/#\/schema\/logo\/image\/"}}]}},"_links":{"self":[{"href":"https:\/\/afinsuministros.cl\/en\/wp-json\/wp\/v2\/product\/863"}],"collection":[{"href":"https:\/\/afinsuministros.cl\/en\/wp-json\/wp\/v2\/product"}],"about":[{"href":"https:\/\/afinsuministros.cl\/en\/wp-json\/wp\/v2\/types\/product"}],"replies":[{"embeddable":true,"href":"https:\/\/afinsuministros.cl\/en\/wp-json\/wp\/v2\/comments?post=863"}],"wp:featuredmedia":[{"embeddable":true,"href":"https:\/\/afinsuministros.cl\/en\/wp-json\/wp\/v2\/media\/864"}],"wp:attachment":[{"href":"https:\/\/afinsuministros.cl\/en\/wp-json\/wp\/v2\/media?parent=863"}],"wp:term":[{"taxonomy":"product_brand","embeddable":true,"href":"https:\/\/afinsuministros.cl\/en\/wp-json\/wp\/v2\/product_brand?post=863"},{"taxonomy":"product_cat","embeddable":true,"href":"https:\/\/afinsuministros.cl\/en\/wp-json\/wp\/v2\/product_cat?post=863"},{"taxonomy":"product_tag","embeddable":true,"href":"https:\/\/afinsuministros.cl\/en\/wp-json\/wp\/v2\/product_tag?post=863"}],"curies":[{"name":"wp","href":"https:\/\/api.w.org\/{rel}","templated":true}]}}