{"id":870,"date":"2021-07-02T18:35:14","date_gmt":"2021-07-02T18:35:14","guid":{"rendered":"https:\/\/afinsuministros.cl\/?post_type=product&#038;p=870"},"modified":"2026-02-05T23:30:41","modified_gmt":"2026-02-05T23:30:41","slug":"barrera-metalica-de-contencion","status":"publish","type":"product","link":"https:\/\/afinsuministros.cl\/en\/product\/barrera-metalica-de-contencion\/","title":{"rendered":"Barrera met\u00e1lica de contenci\u00f3n (Normal chilena)"},"content":{"rendered":"","protected":false},"excerpt":{"rendered":"<div class=\"page\" title=\"Page 2\">\n<div class=\"section\">\n<div class=\"layoutArea\">\n<div class=\"column\">\n<p>Las barreras met\u00e1licas de contenci\u00f3n son sistemas de defensa vial dise\u00f1ados para otorgar y aumentar la seguridad en carreteras y caminos, reduciendo significativamente la gravedad de los accidentes.<\/p>\n<p>AFIN Suministros instala barreras que cumplen rigurosamente con las normas chilenas vigentes en seguridad vial, garantizando su efectividad y resistencia ante impactos.<\/p>\n<\/div>\n<\/div>\n<\/div>\n<\/div>\n<p>The types of barriers installed by AFIN Suministros are as follows.<\/p>\n<ul>\n<li>BML-2N-1.2: spacing of poles every 2 meters<\/li>\n<li>BML-2N-1.3: post spacing every 4 meters.<\/li>\n<\/ul>\n<p>The barriers are made of galvanized steel and are ISO CASCO 5 certified.<\/p>\n<p><strong>Technical data sheets:<\/strong><\/p>\n<ul>\n<li><em>Double wave containment barriers <strong><a href=\"https:\/\/afinsuministros.cl\/wp-content\/uploads\/2021\/06\/Ficha-Tecnica-AFIN.pdf\">CLICK HERE<\/a><\/strong><\/em><\/li>\n<li><em>Triple Wave Containment Barriers\u00a0<strong><a href=\"https:\/\/afinsuministros.cl\/wp-content\/uploads\/2021\/07\/Ficha-Tecnica-Triple-Onda.pdf\">CLICK HERE<\/a><\/strong><\/em><\/li>\n<\/ul>\n<p>Mira nuestro cat\u00e1logo de barrera met\u00e1lica con normal chilena<br \/>\n<a href=\"https:\/\/afinsuministros.cl\/wp-content\/uploads\/2025\/05\/Barreras-de-contencion-metalicas-norma-chilena.pdf\"><strong>VER BARRERAS DE CONTENCI\u00d3N<\/strong><\/a><\/p>\n<p>PUEDES OBTENER INFORMACI\u00d3N ESCRIBI\u00c9NDONOS AL CORREO VENTAS@AFINSUMINISTROS.CL<\/p>\n<p>&nbsp;<\/p>","protected":false},"featured_media":1550,"comment_status":"open","ping_status":"closed","template":"","meta":[],"product_brand":[],"product_cat":[39],"product_tag":[],"class_list":{"0":"post-870","1":"product","2":"type-product","3":"status-publish","4":"has-post-thumbnail","6":"product_cat-barrera-metalica","8":"first","9":"instock","10":"shipping-taxable","11":"product-type-simple"},"yoast_head":"<!-- This site is optimized with the Yoast SEO plugin v25.6 - https:\/\/yoast.com\/wordpress\/plugins\/seo\/ -->\n<title>Barrera met\u00e1lica de contenci\u00f3n (Normal chilena) - AFIN Suministros<\/title>\n<meta name=\"robots\" content=\"index, follow, max-snippet:-1, max-image-preview:large, max-video-preview:-1\" \/>\n<link rel=\"canonical\" href=\"https:\/\/afinsuministros.cl\/en\/product\/barrera-metalica-de-contencion\/\" \/>\n<meta property=\"og:locale\" content=\"en_US\" \/>\n<meta property=\"og:type\" content=\"article\" \/>\n<meta property=\"og:title\" content=\"Barrera met\u00e1lica de contenci\u00f3n (Normal chilena) - AFIN Suministros\" \/>\n<meta property=\"og:description\" content=\"Las barreras met\u00e1licas de contenci\u00f3n son sistemas de defensa vial dise\u00f1ados para otorgar y aumentar la seguridad en carreteras y caminos, reduciendo significativamente la gravedad de los accidentes.  AFIN Suministros instala barreras que cumplen rigurosamente con las normas chilenas vigentes en seguridad vial, garantizando su efectividad y resistencia ante impactos.      Las tipolog\u00edas de las barreras instaladas por AFIN Suministros son.   BML-2N-1.2: distanciamiento de postes cada 2 metros  BML-2N-1.3: distanciamiento de postes cada 4 metros.  Las barreras son confeccionadas de acero galvanizado y certificadas ISO CASCO 5  Fichas t\u00e9cnicas:   Barreras de contenci\u00f3n doble onda CLICK AQU\u00cd  Barreras de contenci\u00f3n Triple Onda\u00a0CLICK AQU\u00cd  Mira nuestro cat\u00e1logo de barrera met\u00e1lica con normal chilena VER BARRERAS DE CONTENCI\u00d3N  PUEDES OBTENER INFORMACI\u00d3N ESCRIBI\u00c9NDONOS AL CORREO VENTAS@AFINSUMINISTROS.CL  &nbsp;\" \/>\n<meta property=\"og:url\" content=\"https:\/\/afinsuministros.cl\/en\/product\/barrera-metalica-de-contencion\/\" \/>\n<meta property=\"og:site_name\" content=\"AFIN Suministros\" \/>\n<meta property=\"article:modified_time\" content=\"2026-02-05T23:30:41+00:00\" \/>\n<meta property=\"og:image\" content=\"https:\/\/afinsuministros.cl\/wp-content\/uploads\/2023\/03\/Defensas-camineras.jpg\" \/>\n\t<meta property=\"og:image:width\" content=\"900\" \/>\n\t<meta property=\"og:image:height\" content=\"600\" \/>\n\t<meta property=\"og:image:type\" content=\"image\/jpeg\" \/>\n<meta name=\"twitter:card\" content=\"summary_large_image\" \/>\n<meta name=\"twitter:label1\" content=\"Est. reading time\" \/>\n\t<meta name=\"twitter:data1\" content=\"1 minute\" \/>\n<script type=\"application\/ld+json\" class=\"yoast-schema-graph\">{\"@context\":\"https:\/\/schema.org\",\"@graph\":[{\"@type\":\"WebPage\",\"@id\":\"https:\/\/afinsuministros.cl\/producto\/barrera-metalica-de-contencion\/\",\"url\":\"https:\/\/afinsuministros.cl\/producto\/barrera-metalica-de-contencion\/\",\"name\":\"Barrera met\u00e1lica de contenci\u00f3n (Normal chilena) - AFIN Suministros\",\"isPartOf\":{\"@id\":\"https:\/\/afinsuministros.cl\/#website\"},\"primaryImageOfPage\":{\"@id\":\"https:\/\/afinsuministros.cl\/producto\/barrera-metalica-de-contencion\/#primaryimage\"},\"image\":{\"@id\":\"https:\/\/afinsuministros.cl\/producto\/barrera-metalica-de-contencion\/#primaryimage\"},\"thumbnailUrl\":\"https:\/\/afinsuministros.cl\/wp-content\/uploads\/2023\/03\/Defensas-camineras.jpg\",\"datePublished\":\"2021-07-02T18:35:14+00:00\",\"dateModified\":\"2026-02-05T23:30:41+00:00\",\"breadcrumb\":{\"@id\":\"https:\/\/afinsuministros.cl\/producto\/barrera-metalica-de-contencion\/#breadcrumb\"},\"inLanguage\":\"en-US\",\"potentialAction\":[{\"@type\":\"ReadAction\",\"target\":[\"https:\/\/afinsuministros.cl\/producto\/barrera-metalica-de-contencion\/\"]}]},{\"@type\":\"ImageObject\",\"inLanguage\":\"en-US\",\"@id\":\"https:\/\/afinsuministros.cl\/producto\/barrera-metalica-de-contencion\/#primaryimage\",\"url\":\"https:\/\/afinsuministros.cl\/wp-content\/uploads\/2023\/03\/Defensas-camineras.jpg\",\"contentUrl\":\"https:\/\/afinsuministros.cl\/wp-content\/uploads\/2023\/03\/Defensas-camineras.jpg\",\"width\":900,\"height\":600,\"caption\":\"Defensas-camineras\"},{\"@type\":\"BreadcrumbList\",\"@id\":\"https:\/\/afinsuministros.cl\/producto\/barrera-metalica-de-contencion\/#breadcrumb\",\"itemListElement\":[{\"@type\":\"ListItem\",\"position\":1,\"name\":\"Portada\",\"item\":\"https:\/\/afinsuministros.cl\/\"},{\"@type\":\"ListItem\",\"position\":2,\"name\":\"Tienda\",\"item\":\"https:\/\/afinsuministros.cl\/tienda\/\"},{\"@type\":\"ListItem\",\"position\":3,\"name\":\"Barrera met\u00e1lica de contenci\u00f3n (Normal chilena)\"}]},{\"@type\":\"WebSite\",\"@id\":\"https:\/\/afinsuministros.cl\/#website\",\"url\":\"https:\/\/afinsuministros.cl\/\",\"name\":\"AFIN Suministros\",\"description\":\"Lo mejor en suministros de construcci\u00f3n\",\"publisher\":{\"@id\":\"https:\/\/afinsuministros.cl\/#organization\"},\"potentialAction\":[{\"@type\":\"SearchAction\",\"target\":{\"@type\":\"EntryPoint\",\"urlTemplate\":\"https:\/\/afinsuministros.cl\/?s={search_term_string}\"},\"query-input\":{\"@type\":\"PropertyValueSpecification\",\"valueRequired\":true,\"valueName\":\"search_term_string\"}}],\"inLanguage\":\"en-US\"},{\"@type\":\"Organization\",\"@id\":\"https:\/\/afinsuministros.cl\/#organization\",\"name\":\"AFIN Suministros\",\"url\":\"https:\/\/afinsuministros.cl\/\",\"logo\":{\"@type\":\"ImageObject\",\"inLanguage\":\"en-US\",\"@id\":\"https:\/\/afinsuministros.cl\/#\/schema\/logo\/image\/\",\"url\":\"https:\/\/afinsuministros.cl\/wp-content\/uploads\/2020\/11\/cropped-Logo-e1606193532755.png\",\"contentUrl\":\"https:\/\/afinsuministros.cl\/wp-content\/uploads\/2020\/11\/cropped-Logo-e1606193532755.png\",\"width\":200,\"height\":64,\"caption\":\"AFIN Suministros\"},\"image\":{\"@id\":\"https:\/\/afinsuministros.cl\/#\/schema\/logo\/image\/\"}}]}<\/script>\n<!-- \/ Yoast SEO plugin. -->","yoast_head_json":{"title":"Barrera met\u00e1lica de contenci\u00f3n (Normal chilena) - AFIN Suministros","robots":{"index":"index","follow":"follow","max-snippet":"max-snippet:-1","max-image-preview":"max-image-preview:large","max-video-preview":"max-video-preview:-1"},"canonical":"https:\/\/afinsuministros.cl\/en\/product\/barrera-metalica-de-contencion\/","og_locale":"en_US","og_type":"article","og_title":"Barrera met\u00e1lica de contenci\u00f3n (Normal chilena) - AFIN Suministros","og_description":"Las barreras met\u00e1licas de contenci\u00f3n son sistemas de defensa vial dise\u00f1ados para otorgar y aumentar la seguridad en carreteras y caminos, reduciendo significativamente la gravedad de los accidentes.  AFIN Suministros instala barreras que cumplen rigurosamente con las normas chilenas vigentes en seguridad vial, garantizando su efectividad y resistencia ante impactos.      Las tipolog\u00edas de las barreras instaladas por AFIN Suministros son.   BML-2N-1.2: distanciamiento de postes cada 2 metros  BML-2N-1.3: distanciamiento de postes cada 4 metros.  Las barreras son confeccionadas de acero galvanizado y certificadas ISO CASCO 5  Fichas t\u00e9cnicas:   Barreras de contenci\u00f3n doble onda CLICK AQU\u00cd  Barreras de contenci\u00f3n Triple Onda\u00a0CLICK AQU\u00cd  Mira nuestro cat\u00e1logo de barrera met\u00e1lica con normal chilena VER BARRERAS DE CONTENCI\u00d3N  PUEDES OBTENER INFORMACI\u00d3N ESCRIBI\u00c9NDONOS AL CORREO VENTAS@AFINSUMINISTROS.CL  &nbsp;","og_url":"https:\/\/afinsuministros.cl\/en\/product\/barrera-metalica-de-contencion\/","og_site_name":"AFIN Suministros","article_modified_time":"2026-02-05T23:30:41+00:00","og_image":[{"width":900,"height":600,"url":"https:\/\/afinsuministros.cl\/wp-content\/uploads\/2023\/03\/Defensas-camineras.jpg","type":"image\/jpeg"}],"twitter_card":"summary_large_image","twitter_misc":{"Est. reading time":"1 minute"},"schema":{"@context":"https:\/\/schema.org","@graph":[{"@type":"WebPage","@id":"https:\/\/afinsuministros.cl\/producto\/barrera-metalica-de-contencion\/","url":"https:\/\/afinsuministros.cl\/producto\/barrera-metalica-de-contencion\/","name":"Barrera met\u00e1lica de contenci\u00f3n (Normal chilena) - AFIN Suministros","isPartOf":{"@id":"https:\/\/afinsuministros.cl\/#website"},"primaryImageOfPage":{"@id":"https:\/\/afinsuministros.cl\/producto\/barrera-metalica-de-contencion\/#primaryimage"},"image":{"@id":"https:\/\/afinsuministros.cl\/producto\/barrera-metalica-de-contencion\/#primaryimage"},"thumbnailUrl":"https:\/\/afinsuministros.cl\/wp-content\/uploads\/2023\/03\/Defensas-camineras.jpg","datePublished":"2021-07-02T18:35:14+00:00","dateModified":"2026-02-05T23:30:41+00:00","breadcrumb":{"@id":"https:\/\/afinsuministros.cl\/producto\/barrera-metalica-de-contencion\/#breadcrumb"},"inLanguage":"en-US","potentialAction":[{"@type":"ReadAction","target":["https:\/\/afinsuministros.cl\/producto\/barrera-metalica-de-contencion\/"]}]},{"@type":"ImageObject","inLanguage":"en-US","@id":"https:\/\/afinsuministros.cl\/producto\/barrera-metalica-de-contencion\/#primaryimage","url":"https:\/\/afinsuministros.cl\/wp-content\/uploads\/2023\/03\/Defensas-camineras.jpg","contentUrl":"https:\/\/afinsuministros.cl\/wp-content\/uploads\/2023\/03\/Defensas-camineras.jpg","width":900,"height":600,"caption":"Defensas-camineras"},{"@type":"BreadcrumbList","@id":"https:\/\/afinsuministros.cl\/producto\/barrera-metalica-de-contencion\/#breadcrumb","itemListElement":[{"@type":"ListItem","position":1,"name":"Portada","item":"https:\/\/afinsuministros.cl\/"},{"@type":"ListItem","position":2,"name":"Tienda","item":"https:\/\/afinsuministros.cl\/tienda\/"},{"@type":"ListItem","position":3,"name":"Barrera met\u00e1lica de contenci\u00f3n (Normal chilena)"}]},{"@type":"WebSite","@id":"https:\/\/afinsuministros.cl\/#website","url":"https:\/\/afinsuministros.cl\/","name":"AFIN Suministros","description":"Lo mejor en suministros de construcci\u00f3n","publisher":{"@id":"https:\/\/afinsuministros.cl\/#organization"},"potentialAction":[{"@type":"SearchAction","target":{"@type":"EntryPoint","urlTemplate":"https:\/\/afinsuministros.cl\/?s={search_term_string}"},"query-input":{"@type":"PropertyValueSpecification","valueRequired":true,"valueName":"search_term_string"}}],"inLanguage":"en-US"},{"@type":"Organization","@id":"https:\/\/afinsuministros.cl\/#organization","name":"AFIN Suministros","url":"https:\/\/afinsuministros.cl\/","logo":{"@type":"ImageObject","inLanguage":"en-US","@id":"https:\/\/afinsuministros.cl\/#\/schema\/logo\/image\/","url":"https:\/\/afinsuministros.cl\/wp-content\/uploads\/2020\/11\/cropped-Logo-e1606193532755.png","contentUrl":"https:\/\/afinsuministros.cl\/wp-content\/uploads\/2020\/11\/cropped-Logo-e1606193532755.png","width":200,"height":64,"caption":"AFIN Suministros"},"image":{"@id":"https:\/\/afinsuministros.cl\/#\/schema\/logo\/image\/"}}]}},"_links":{"self":[{"href":"https:\/\/afinsuministros.cl\/en\/wp-json\/wp\/v2\/product\/870"}],"collection":[{"href":"https:\/\/afinsuministros.cl\/en\/wp-json\/wp\/v2\/product"}],"about":[{"href":"https:\/\/afinsuministros.cl\/en\/wp-json\/wp\/v2\/types\/product"}],"replies":[{"embeddable":true,"href":"https:\/\/afinsuministros.cl\/en\/wp-json\/wp\/v2\/comments?post=870"}],"wp:featuredmedia":[{"embeddable":true,"href":"https:\/\/afinsuministros.cl\/en\/wp-json\/wp\/v2\/media\/1550"}],"wp:attachment":[{"href":"https:\/\/afinsuministros.cl\/en\/wp-json\/wp\/v2\/media?parent=870"}],"wp:term":[{"taxonomy":"product_brand","embeddable":true,"href":"https:\/\/afinsuministros.cl\/en\/wp-json\/wp\/v2\/product_brand?post=870"},{"taxonomy":"product_cat","embeddable":true,"href":"https:\/\/afinsuministros.cl\/en\/wp-json\/wp\/v2\/product_cat?post=870"},{"taxonomy":"product_tag","embeddable":true,"href":"https:\/\/afinsuministros.cl\/en\/wp-json\/wp\/v2\/product_tag?post=870"}],"curies":[{"name":"wp","href":"https:\/\/api.w.org\/{rel}","templated":true}]}}